{"id":2122,"date":"2024-12-19T03:32:48","date_gmt":"2024-12-19T03:32:48","guid":{"rendered":"https:\/\/theglobaldreamnetwork.com\/?page_id=2122"},"modified":"2025-03-31T04:13:15","modified_gmt":"2025-03-31T04:13:15","slug":"yachting","status":"publish","type":"page","link":"https:\/\/theglobaldreamnetwork.com\/es\/yachting\/","title":{"rendered":"Yates"},"content":{"rendered":"<div data-elementor-type=\"wp-page\" data-elementor-id=\"2122\" class=\"elementor elementor-2122\">\n\t\t\t\t\t\t<section class=\"elementor-section elementor-top-section elementor-element elementor-element-2f3245580 elementor-section-boxed elementor-section-height-default elementor-section-height-default wpr-particle-no wpr-jarallax-no wpr-parallax-no wpr-sticky-section-no wpr-equal-height-no\" data-id=\"2f3245580\" data-element_type=\"section\" data-e-type=\"section\" data-settings=\"{&quot;background_background&quot;:&quot;classic&quot;}\">\n\t\t\t\t\t\t\t<div class=\"elementor-background-overlay\"><\/div>\n\t\t\t\t\t\t\t<div class=\"elementor-container elementor-column-gap-default\">\n\t\t\t\t\t<div class=\"elementor-column elementor-col-100 elementor-top-column elementor-element elementor-element-33134236\" data-id=\"33134236\" data-element_type=\"column\" data-e-type=\"column\">\n\t\t\t<div class=\"elementor-widget-wrap elementor-element-populated\">\n\t\t\t\t\t\t<div class=\"elementor-element elementor-element-3b06b3c9 elementor-widget elementor-widget-heading\" data-id=\"3b06b3c9\" data-element_type=\"widget\" data-e-type=\"widget\" data-widget_type=\"heading.default\">\n\t\t\t\t<div class=\"elementor-widget-container\">\n\t\t\t\t\t<h2 class=\"elementor-heading-title elementor-size-default\">Yates<\/h2>\t\t\t\t<\/div>\n\t\t\t\t<\/div>\n\t\t\t\t\t<\/div>\n\t\t<\/div>\n\t\t\t\t\t<\/div>\n\t\t<\/section>\n\t\t<div class=\"elementor-element elementor-element-0d5cbb3 e-flex e-con-boxed wpr-particle-no wpr-jarallax-no wpr-parallax-no wpr-sticky-section-no wpr-equal-height-no e-con e-parent\" data-id=\"0d5cbb3\" data-element_type=\"container\" data-e-type=\"container\">\n\t\t\t\t\t<div class=\"e-con-inner\">\n\t\t\t\t<div class=\"elementor-element elementor-element-f93353a elementor-widget elementor-widget-spacer\" data-id=\"f93353a\" data-element_type=\"widget\" data-e-type=\"widget\" data-widget_type=\"spacer.default\">\n\t\t\t\t<div class=\"elementor-widget-container\">\n\t\t\t\t\t\t\t<div class=\"elementor-spacer\">\n\t\t\t<div class=\"elementor-spacer-inner\"><\/div>\n\t\t<\/div>\n\t\t\t\t\t\t<\/div>\n\t\t\t\t<\/div>\n\t\t\t\t<div class=\"elementor-element elementor-element-c702fac elementor-widget elementor-widget-heading\" data-id=\"c702fac\" data-element_type=\"widget\" data-e-type=\"widget\" data-widget_type=\"heading.default\">\n\t\t\t\t<div class=\"elementor-widget-container\">\n\t\t\t\t\t<h2 class=\"elementor-heading-title elementor-size-default\">Mejore su experiencia oce\u00e1nica<\/h2>\t\t\t\t<\/div>\n\t\t\t\t<\/div>\n\t\t\t\t\t<\/div>\n\t\t\t\t<\/div>\n\t\t<div class=\"elementor-element elementor-element-d5e9bae e-flex e-con-boxed wpr-particle-no wpr-jarallax-no wpr-parallax-no wpr-sticky-section-no wpr-equal-height-no e-con e-parent\" data-id=\"d5e9bae\" data-element_type=\"container\" data-e-type=\"container\">\n\t\t\t\t\t<div class=\"e-con-inner\">\n\t\t\t\t<div class=\"elementor-element elementor-element-d3f6682 elementor-widget elementor-widget-text-editor\" data-id=\"d3f6682\" data-element_type=\"widget\" data-e-type=\"widget\" data-widget_type=\"text-editor.default\">\n\t\t\t\t<div class=\"elementor-widget-container\">\n\t\t\t\t\t\t\t\t\t<p style=\"text-align: center;\" class=\"translation-block\">Emprende un viaje de lujo y aventura inigualable con nuestros exclusivos servicios n\u00e1uticos. Ya sea navegando en majestuosos yates, mejorando tu experiencia con vers\u00e1tiles tenders, disfrutando de la emoci\u00f3n con toys acu\u00e1ticos de primera calidad, o explorando las profundidades en avanzados submarinos, hacemos realidad tus sue\u00f1os mar\u00edtimos.\nDesde tranquilos charters hasta la adquisici\u00f3n de tu propio barco, nuestras soluciones a medida combinan estilo, seguridad y sofisticaci\u00f3n. Conf\u00eda en nosotros para dise\u00f1ar escapadas al oc\u00e9ano inolvidables, donde la aventura se encuentra con la elegancia. Tu viaje comienza aqu\u00ed: navega con confianza.<\/p>\t\t\t\t\t\t\t\t<\/div>\n\t\t\t\t<\/div>\n\t\t\t\t\t<\/div>\n\t\t\t\t<\/div>\n\t\t<div class=\"elementor-element elementor-element-88afd40 e-flex e-con-boxed wpr-particle-no wpr-jarallax-no wpr-parallax-no wpr-sticky-section-no wpr-equal-height-no e-con e-parent\" data-id=\"88afd40\" data-element_type=\"container\" data-e-type=\"container\">\n\t\t\t\t\t<div class=\"e-con-inner\">\n\t\t\t\t<div class=\"elementor-element elementor-element-bcc088a elementor-widget elementor-widget-spacer\" data-id=\"bcc088a\" data-element_type=\"widget\" data-e-type=\"widget\" data-widget_type=\"spacer.default\">\n\t\t\t\t<div class=\"elementor-widget-container\">\n\t\t\t\t\t\t\t<div class=\"elementor-spacer\">\n\t\t\t<div class=\"elementor-spacer-inner\"><\/div>\n\t\t<\/div>\n\t\t\t\t\t\t<\/div>\n\t\t\t\t<\/div>\n\t\t\t\t\t<\/div>\n\t\t\t\t<\/div>\n\t\t<div class=\"elementor-element elementor-element-db33016 e-flex e-con-boxed wpr-particle-no wpr-jarallax-no wpr-parallax-no wpr-sticky-section-no wpr-equal-height-no e-con e-parent\" data-id=\"db33016\" data-element_type=\"container\" data-e-type=\"container\">\n\t\t\t\t\t<div class=\"e-con-inner\">\n\t\t<div class=\"elementor-element elementor-element-893d8c9 e-con-full e-flex wpr-particle-no wpr-jarallax-no wpr-parallax-no wpr-sticky-section-no wpr-equal-height-no e-con e-child\" data-id=\"893d8c9\" data-element_type=\"container\" data-e-type=\"container\">\n\t\t\t\t<div class=\"elementor-element elementor-element-bc4959c elementor-widget elementor-widget-heading\" data-id=\"bc4959c\" data-element_type=\"widget\" data-e-type=\"widget\" data-widget_type=\"heading.default\">\n\t\t\t\t<div class=\"elementor-widget-container\">\n\t\t\t\t\t<h2 class=\"elementor-heading-title elementor-size-default\">Yates<\/h2>\t\t\t\t<\/div>\n\t\t\t\t<\/div>\n\t\t\t\t<div class=\"elementor-element elementor-element-81248cb elementor-widget elementor-widget-image\" data-id=\"81248cb\" data-element_type=\"widget\" data-e-type=\"widget\" data-widget_type=\"image.default\">\n\t\t\t\t<div class=\"elementor-widget-container\">\n\t\t\t\t\t\t\t\t\t\t\t\t\t\t\t<img fetchpriority=\"high\" decoding=\"async\" width=\"1709\" height=\"2560\" src=\"https:\/\/theglobaldreamnetwork.com\/wp-content\/uploads\/2025\/01\/pexels-orestsv-1821678-scaled.jpg\" class=\"attachment-full size-full wp-image-2430\" alt=\"\" srcset=\"https:\/\/theglobaldreamnetwork.com\/wp-content\/uploads\/2025\/01\/pexels-orestsv-1821678-scaled.jpg 1709w, https:\/\/theglobaldreamnetwork.com\/wp-content\/uploads\/2025\/01\/pexels-orestsv-1821678-200x300.jpg 200w, https:\/\/theglobaldreamnetwork.com\/wp-content\/uploads\/2025\/01\/pexels-orestsv-1821678-683x1024.jpg 683w, https:\/\/theglobaldreamnetwork.com\/wp-content\/uploads\/2025\/01\/pexels-orestsv-1821678-768x1151.jpg 768w, https:\/\/theglobaldreamnetwork.com\/wp-content\/uploads\/2025\/01\/pexels-orestsv-1821678-1025x1536.jpg 1025w, https:\/\/theglobaldreamnetwork.com\/wp-content\/uploads\/2025\/01\/pexels-orestsv-1821678-1367x2048.jpg 1367w, https:\/\/theglobaldreamnetwork.com\/wp-content\/uploads\/2025\/01\/pexels-orestsv-1821678-8x12.jpg 8w\" sizes=\"(max-width: 1709px) 100vw, 1709px\" \/>\t\t\t\t\t\t\t\t\t\t\t\t\t\t\t<\/div>\n\t\t\t\t<\/div>\n\t\t\t\t<div class=\"elementor-element elementor-element-b5692a4 elementor-widget elementor-widget-text-editor\" data-id=\"b5692a4\" data-element_type=\"widget\" data-e-type=\"widget\" data-widget_type=\"text-editor.default\">\n\t\t\t\t<div class=\"elementor-widget-container\">\n\t\t\t\t\t\t\t\t\t<p><a href=\"https:\/\/theglobaldreamnetwork.com\/es\/yatchs-charter\/\" target=\"_blank\" rel=\"noopener\">Charter<\/a><\/p><p><a href=\"https:\/\/theglobaldreamnetwork.com\/es\/yatch-buy\/\">Compra<\/a><\/p><p><a href=\"https:\/\/theglobaldreamnetwork.com\/es\/yatch-sell\/\">Venta<\/a><\/p><p><a href=\"https:\/\/theglobaldreamnetwork.com\/es\/yatch-managment\/\">Gesti\u00f3n<\/a><\/p>\t\t\t\t\t\t\t\t<\/div>\n\t\t\t\t<\/div>\n\t\t\t\t<\/div>\n\t\t<div class=\"elementor-element elementor-element-ebfc796 e-con-full e-flex wpr-particle-no wpr-jarallax-no wpr-parallax-no wpr-sticky-section-no wpr-equal-height-no e-con e-child\" data-id=\"ebfc796\" data-element_type=\"container\" data-e-type=\"container\">\n\t\t\t\t<div class=\"elementor-element elementor-element-613bdab elementor-widget elementor-widget-heading\" data-id=\"613bdab\" data-element_type=\"widget\" data-e-type=\"widget\" data-widget_type=\"heading.default\">\n\t\t\t\t<div class=\"elementor-widget-container\">\n\t\t\t\t\t<h2 class=\"elementor-heading-title elementor-size-default\">Lanchas auxiliares<\/h2>\t\t\t\t<\/div>\n\t\t\t\t<\/div>\n\t\t\t\t<div class=\"elementor-element elementor-element-dcadf10 elementor-widget elementor-widget-image\" data-id=\"dcadf10\" data-element_type=\"widget\" data-e-type=\"widget\" data-widget_type=\"image.default\">\n\t\t\t\t<div class=\"elementor-widget-container\">\n\t\t\t\t\t\t\t\t\t\t\t\t\t\t\t<img decoding=\"async\" width=\"686\" height=\"1024\" src=\"https:\/\/theglobaldreamnetwork.com\/wp-content\/uploads\/2025\/01\/pexels-vladimir-konoplev-155326297-10955646-686x1024.jpg\" class=\"attachment-large size-large wp-image-2432\" alt=\"\" srcset=\"https:\/\/theglobaldreamnetwork.com\/wp-content\/uploads\/2025\/01\/pexels-vladimir-konoplev-155326297-10955646-686x1024.jpg 686w, https:\/\/theglobaldreamnetwork.com\/wp-content\/uploads\/2025\/01\/pexels-vladimir-konoplev-155326297-10955646-201x300.jpg 201w, https:\/\/theglobaldreamnetwork.com\/wp-content\/uploads\/2025\/01\/pexels-vladimir-konoplev-155326297-10955646-768x1146.jpg 768w, https:\/\/theglobaldreamnetwork.com\/wp-content\/uploads\/2025\/01\/pexels-vladimir-konoplev-155326297-10955646-1030x1536.jpg 1030w, https:\/\/theglobaldreamnetwork.com\/wp-content\/uploads\/2025\/01\/pexels-vladimir-konoplev-155326297-10955646-1373x2048.jpg 1373w, https:\/\/theglobaldreamnetwork.com\/wp-content\/uploads\/2025\/01\/pexels-vladimir-konoplev-155326297-10955646-8x12.jpg 8w, https:\/\/theglobaldreamnetwork.com\/wp-content\/uploads\/2025\/01\/pexels-vladimir-konoplev-155326297-10955646-scaled.jpg 1716w\" sizes=\"(max-width: 686px) 100vw, 686px\" \/>\t\t\t\t\t\t\t\t\t\t\t\t\t\t\t<\/div>\n\t\t\t\t<\/div>\n\t\t\t\t<div class=\"elementor-element elementor-element-c162651 elementor-widget elementor-widget-text-editor\" data-id=\"c162651\" data-element_type=\"widget\" data-e-type=\"widget\" data-widget_type=\"text-editor.default\">\n\t\t\t\t<div class=\"elementor-widget-container\">\n\t\t\t\t\t\t\t\t\t<p><a href=\"https:\/\/theglobaldreamnetwork.com\/es\/yatch-tender-charter\/\" target=\"_blank\" rel=\"noopener\">Charter<\/a><\/p><p><a href=\"https:\/\/theglobaldreamnetwork.com\/es\/yatch-tender-buy\/\">Compra<\/a><\/p><p><a href=\"https:\/\/theglobaldreamnetwork.com\/es\/yatch-tender-sell\/\">Venta<\/a><\/p><p>\u00a0<\/p>\t\t\t\t\t\t\t\t<\/div>\n\t\t\t\t<\/div>\n\t\t\t\t<\/div>\n\t\t<div class=\"elementor-element elementor-element-752bc58 e-con-full e-flex wpr-particle-no wpr-jarallax-no wpr-parallax-no wpr-sticky-section-no wpr-equal-height-no e-con e-child\" data-id=\"752bc58\" data-element_type=\"container\" data-e-type=\"container\">\n\t\t\t\t<div class=\"elementor-element elementor-element-8abb1bd elementor-widget elementor-widget-heading\" data-id=\"8abb1bd\" data-element_type=\"widget\" data-e-type=\"widget\" data-widget_type=\"heading.default\">\n\t\t\t\t<div class=\"elementor-widget-container\">\n\t\t\t\t\t<h2 class=\"elementor-heading-title elementor-size-default\">Juguetes Acuaticos<\/h2>\t\t\t\t<\/div>\n\t\t\t\t<\/div>\n\t\t\t\t<div class=\"elementor-element elementor-element-e649323 elementor-widget elementor-widget-image\" data-id=\"e649323\" data-element_type=\"widget\" data-e-type=\"widget\" data-widget_type=\"image.default\">\n\t\t\t\t<div class=\"elementor-widget-container\">\n\t\t\t\t\t\t\t\t\t\t\t\t\t\t\t<img decoding=\"async\" width=\"683\" height=\"1024\" src=\"https:\/\/theglobaldreamnetwork.com\/wp-content\/uploads\/2025\/01\/pexels-talharesitoglu-30279123-683x1024.jpg\" class=\"attachment-large size-large wp-image-2431\" alt=\"\" srcset=\"https:\/\/theglobaldreamnetwork.com\/wp-content\/uploads\/2025\/01\/pexels-talharesitoglu-30279123-683x1024.jpg 683w, https:\/\/theglobaldreamnetwork.com\/wp-content\/uploads\/2025\/01\/pexels-talharesitoglu-30279123-200x300.jpg 200w, https:\/\/theglobaldreamnetwork.com\/wp-content\/uploads\/2025\/01\/pexels-talharesitoglu-30279123-768x1152.jpg 768w, https:\/\/theglobaldreamnetwork.com\/wp-content\/uploads\/2025\/01\/pexels-talharesitoglu-30279123-1024x1536.jpg 1024w, https:\/\/theglobaldreamnetwork.com\/wp-content\/uploads\/2025\/01\/pexels-talharesitoglu-30279123-1365x2048.jpg 1365w, https:\/\/theglobaldreamnetwork.com\/wp-content\/uploads\/2025\/01\/pexels-talharesitoglu-30279123-8x12.jpg 8w, https:\/\/theglobaldreamnetwork.com\/wp-content\/uploads\/2025\/01\/pexels-talharesitoglu-30279123-scaled.jpg 1707w\" sizes=\"(max-width: 683px) 100vw, 683px\" \/>\t\t\t\t\t\t\t\t\t\t\t\t\t\t\t<\/div>\n\t\t\t\t<\/div>\n\t\t\t\t<div class=\"elementor-element elementor-element-e5dfa36 elementor-widget elementor-widget-text-editor\" data-id=\"e5dfa36\" data-element_type=\"widget\" data-e-type=\"widget\" data-widget_type=\"text-editor.default\">\n\t\t\t\t<div class=\"elementor-widget-container\">\n\t\t\t\t\t\t\t\t\t<p>\u00a0<\/p><p><a href=\"https:\/\/theglobaldreamnetwork.com\/es\/toys-rental\/\">Rental<\/a>\u00a0<\/p><p><a href=\"https:\/\/theglobaldreamnetwork.com\/es\/toys-buy\/\">Compra<\/a><\/p>\t\t\t\t\t\t\t\t<\/div>\n\t\t\t\t<\/div>\n\t\t\t\t<\/div>\n\t\t<div class=\"elementor-element elementor-element-90103fa e-con-full e-flex wpr-particle-no wpr-jarallax-no wpr-parallax-no wpr-sticky-section-no wpr-equal-height-no e-con e-child\" data-id=\"90103fa\" data-element_type=\"container\" data-e-type=\"container\">\n\t\t\t\t<div class=\"elementor-element elementor-element-a6d2be0 elementor-widget elementor-widget-heading\" data-id=\"a6d2be0\" data-element_type=\"widget\" data-e-type=\"widget\" data-widget_type=\"heading.default\">\n\t\t\t\t<div class=\"elementor-widget-container\">\n\t\t\t\t\t<h2 class=\"elementor-heading-title elementor-size-default\">Submarinos<\/h2>\t\t\t\t<\/div>\n\t\t\t\t<\/div>\n\t\t\t\t<div class=\"elementor-element elementor-element-c33368d elementor-widget elementor-widget-image\" data-id=\"c33368d\" data-element_type=\"widget\" data-e-type=\"widget\" data-widget_type=\"image.default\">\n\t\t\t\t<div class=\"elementor-widget-container\">\n\t\t\t\t\t\t\t\t\t\t\t\t\t\t\t<img loading=\"lazy\" decoding=\"async\" width=\"6908\" height=\"9770\" src=\"https:\/\/theglobaldreamnetwork.com\/wp-content\/uploads\/2025\/03\/Sin-titulo-1_Mesa-de-trabajo-1-1.png\" class=\"attachment-full size-full wp-image-3633\" alt=\"\" srcset=\"https:\/\/theglobaldreamnetwork.com\/wp-content\/uploads\/2025\/03\/Sin-titulo-1_Mesa-de-trabajo-1-1.png 6908w, https:\/\/theglobaldreamnetwork.com\/wp-content\/uploads\/2025\/03\/Sin-titulo-1_Mesa-de-trabajo-1-1-212x300.png 212w, https:\/\/theglobaldreamnetwork.com\/wp-content\/uploads\/2025\/03\/Sin-titulo-1_Mesa-de-trabajo-1-1-724x1024.png 724w, https:\/\/theglobaldreamnetwork.com\/wp-content\/uploads\/2025\/03\/Sin-titulo-1_Mesa-de-trabajo-1-1-768x1086.png 768w, https:\/\/theglobaldreamnetwork.com\/wp-content\/uploads\/2025\/03\/Sin-titulo-1_Mesa-de-trabajo-1-1-1086x1536.png 1086w, https:\/\/theglobaldreamnetwork.com\/wp-content\/uploads\/2025\/03\/Sin-titulo-1_Mesa-de-trabajo-1-1-1448x2048.png 1448w, https:\/\/theglobaldreamnetwork.com\/wp-content\/uploads\/2025\/03\/Sin-titulo-1_Mesa-de-trabajo-1-1-8x12.png 8w\" sizes=\"(max-width: 6908px) 100vw, 6908px\" \/>\t\t\t\t\t\t\t\t\t\t\t\t\t\t\t<\/div>\n\t\t\t\t<\/div>\n\t\t\t\t<div class=\"elementor-element elementor-element-6578e76 elementor-widget elementor-widget-text-editor\" data-id=\"6578e76\" data-element_type=\"widget\" data-e-type=\"widget\" data-widget_type=\"text-editor.default\">\n\t\t\t\t<div class=\"elementor-widget-container\">\n\t\t\t\t\t\t\t\t\t<p><a href=\"https:\/\/theglobaldreamnetwork.com\/es\/submarine-charter\/\" target=\"_blank\" rel=\"noopener\">Charter<\/a><\/p><p><a href=\"https:\/\/theglobaldreamnetwork.com\/es\/submarine-buy\/\">Compra<\/a><\/p>\t\t\t\t\t\t\t\t<\/div>\n\t\t\t\t<\/div>\n\t\t\t\t<\/div>\n\t\t\t\t\t<\/div>\n\t\t\t\t<\/div>\n\t\t<div class=\"elementor-element elementor-element-60b4d4f e-flex e-con-boxed wpr-particle-no wpr-jarallax-no wpr-parallax-no wpr-sticky-section-no wpr-equal-height-no e-con e-parent\" data-id=\"60b4d4f\" data-element_type=\"container\" data-e-type=\"container\">\n\t\t\t\t\t<div class=\"e-con-inner\">\n\t\t\t\t<div class=\"elementor-element elementor-element-d14da44 elementor-widget elementor-widget-spacer\" data-id=\"d14da44\" data-element_type=\"widget\" data-e-type=\"widget\" data-widget_type=\"spacer.default\">\n\t\t\t\t<div class=\"elementor-widget-container\">\n\t\t\t\t\t\t\t<div class=\"elementor-spacer\">\n\t\t\t<div class=\"elementor-spacer-inner\"><\/div>\n\t\t<\/div>\n\t\t\t\t\t\t<\/div>\n\t\t\t\t<\/div>\n\t\t\t\t\t<\/div>\n\t\t\t\t<\/div>\n\t\t<div class=\"elementor-element elementor-element-1c140b8 e-flex e-con-boxed wpr-particle-no wpr-jarallax-no wpr-parallax-no wpr-sticky-section-no wpr-equal-height-no e-con e-parent\" data-id=\"1c140b8\" data-element_type=\"container\" data-e-type=\"container\">\n\t\t\t\t\t<div class=\"e-con-inner\">\n\t\t\t\t\t<\/div>\n\t\t\t\t<\/div>\n\t\t\t\t<\/div>","protected":false},"excerpt":{"rendered":"<p>Yachting Elevate Your Ocean Experience Embark on a voyage of unparalleled luxury &amp; adventure with our bespoke yachting services. Whether sailing on majestic yachts, enhancing your journey with versatile tenders, diving into thrills with premium water toys, or exploring the depths in state-of-the-art submarines, we make your maritime dreams a reality.From serene charters to owning your own vessel, our tailored solutions combine style, safety, and sophistication. Trust us to craft unforgettable ocean escapes where adventure meets elegance. Your journey starts here\u2014set sail with confidence. Yachts Charter Buy Sell Management Yacht Tenders Charter Buy Sell \u00a0 Toys \u00a0 Rental\u00a0 Buy Submarines Charter Buy<\/p>","protected":false},"author":2,"featured_media":0,"parent":0,"menu_order":0,"comment_status":"closed","ping_status":"closed","template":"","meta":{"site-sidebar-layout":"no-sidebar","site-content-layout":"page-builder","ast-site-content-layout":"full-width-container","site-content-style":"default","site-sidebar-style":"default","ast-global-header-display":"","ast-banner-title-visibility":"","ast-main-header-display":"","ast-hfb-above-header-display":"","ast-hfb-below-header-display":"","ast-hfb-mobile-header-display":"","site-post-title":"disabled","ast-breadcrumbs-content":"","ast-featured-img":"disabled","footer-sml-layout":"","theme-transparent-header-meta":"","adv-header-id-meta":"","stick-header-meta":"","header-above-stick-meta":"","header-main-stick-meta":"","header-below-stick-meta":"","astra-migrate-meta-layouts":"set","ast-page-background-enabled":"default","ast-page-background-meta":{"desktop":{"background-color":"","background-image":"","background-repeat":"repeat","background-position":"center center","background-size":"auto","background-attachment":"scroll","background-type":"","background-media":"","overlay-type":"","overlay-color":"","overlay-opacity":"","overlay-gradient":""},"tablet":{"background-color":"","background-image":"","background-repeat":"repeat","background-position":"center center","background-size":"auto","background-attachment":"scroll","background-type":"","background-media":"","overlay-type":"","overlay-color":"","overlay-opacity":"","overlay-gradient":""},"mobile":{"background-color":"","background-image":"","background-repeat":"repeat","background-position":"center center","background-size":"auto","background-attachment":"scroll","background-type":"","background-media":"","overlay-type":"","overlay-color":"","overlay-opacity":"","overlay-gradient":""}},"ast-content-background-meta":{"desktop":{"background-color":"var(--ast-global-color-5)","background-image":"","background-repeat":"repeat","background-position":"center center","background-size":"auto","background-attachment":"scroll","background-type":"","background-media":"","overlay-type":"","overlay-color":"","overlay-opacity":"","overlay-gradient":""},"tablet":{"background-color":"var(--ast-global-color-5)","background-image":"","background-repeat":"repeat","background-position":"center center","background-size":"auto","background-attachment":"scroll","background-type":"","background-media":"","overlay-type":"","overlay-color":"","overlay-opacity":"","overlay-gradient":""},"mobile":{"background-color":"var(--ast-global-color-5)","background-image":"","background-repeat":"repeat","background-position":"center center","background-size":"auto","background-attachment":"scroll","background-type":"","background-media":"","overlay-type":"","overlay-color":"","overlay-opacity":"","overlay-gradient":""}},"footnotes":""},"class_list":["post-2122","page","type-page","status-publish","hentry"],"aioseo_notices":[],"_links":{"self":[{"href":"https:\/\/theglobaldreamnetwork.com\/es\/wp-json\/wp\/v2\/pages\/2122","targetHints":{"allow":["GET"]}}],"collection":[{"href":"https:\/\/theglobaldreamnetwork.com\/es\/wp-json\/wp\/v2\/pages"}],"about":[{"href":"https:\/\/theglobaldreamnetwork.com\/es\/wp-json\/wp\/v2\/types\/page"}],"author":[{"embeddable":true,"href":"https:\/\/theglobaldreamnetwork.com\/es\/wp-json\/wp\/v2\/users\/2"}],"replies":[{"embeddable":true,"href":"https:\/\/theglobaldreamnetwork.com\/es\/wp-json\/wp\/v2\/comments?post=2122"}],"version-history":[{"count":175,"href":"https:\/\/theglobaldreamnetwork.com\/es\/wp-json\/wp\/v2\/pages\/2122\/revisions"}],"predecessor-version":[{"id":3653,"href":"https:\/\/theglobaldreamnetwork.com\/es\/wp-json\/wp\/v2\/pages\/2122\/revisions\/3653"}],"wp:attachment":[{"href":"https:\/\/theglobaldreamnetwork.com\/es\/wp-json\/wp\/v2\/media?parent=2122"}],"curies":[{"name":"wp","href":"https:\/\/api.w.org\/{rel}","templated":true}]}}