{"id":2124,"date":"2024-12-19T03:33:02","date_gmt":"2024-12-19T03:33:02","guid":{"rendered":"https:\/\/theglobaldreamnetwork.com\/?page_id=2124"},"modified":"2025-03-31T04:03:43","modified_gmt":"2025-03-31T04:03:43","slug":"private-aviation","status":"publish","type":"page","link":"https:\/\/theglobaldreamnetwork.com\/es\/private-aviation\/","title":{"rendered":"Aviaci\u00f3n privada"},"content":{"rendered":"<div data-elementor-type=\"wp-page\" data-elementor-id=\"2124\" class=\"elementor elementor-2124\">\n\t\t\t\t\t\t<section class=\"elementor-section elementor-top-section elementor-element elementor-element-2f3245580 elementor-section-boxed elementor-section-height-default elementor-section-height-default wpr-particle-no wpr-jarallax-no wpr-parallax-no wpr-sticky-section-no wpr-equal-height-no\" data-id=\"2f3245580\" data-element_type=\"section\" data-e-type=\"section\" data-settings=\"{&quot;background_background&quot;:&quot;classic&quot;}\">\n\t\t\t\t\t\t\t<div class=\"elementor-background-overlay\"><\/div>\n\t\t\t\t\t\t\t<div class=\"elementor-container elementor-column-gap-default\">\n\t\t\t\t\t<div class=\"elementor-column elementor-col-100 elementor-top-column elementor-element elementor-element-33134236\" data-id=\"33134236\" data-element_type=\"column\" data-e-type=\"column\">\n\t\t\t<div class=\"elementor-widget-wrap elementor-element-populated\">\n\t\t\t\t\t\t<div class=\"elementor-element elementor-element-3b06b3c9 elementor-widget elementor-widget-heading\" data-id=\"3b06b3c9\" data-element_type=\"widget\" data-e-type=\"widget\" data-widget_type=\"heading.default\">\n\t\t\t\t<div class=\"elementor-widget-container\">\n\t\t\t\t\t<h2 class=\"elementor-heading-title elementor-size-default\">aviaci\u00f3n privada<\/h2>\t\t\t\t<\/div>\n\t\t\t\t<\/div>\n\t\t\t\t\t<\/div>\n\t\t<\/div>\n\t\t\t\t\t<\/div>\n\t\t<\/section>\n\t\t<div class=\"elementor-element elementor-element-0d5cbb3 e-flex e-con-boxed wpr-particle-no wpr-jarallax-no wpr-parallax-no wpr-sticky-section-no wpr-equal-height-no e-con e-parent\" data-id=\"0d5cbb3\" data-element_type=\"container\" data-e-type=\"container\">\n\t\t\t\t\t<div class=\"e-con-inner\">\n\t\t\t\t<div class=\"elementor-element elementor-element-f93353a elementor-widget elementor-widget-spacer\" data-id=\"f93353a\" data-element_type=\"widget\" data-e-type=\"widget\" data-widget_type=\"spacer.default\">\n\t\t\t\t<div class=\"elementor-widget-container\">\n\t\t\t\t\t\t\t<div class=\"elementor-spacer\">\n\t\t\t<div class=\"elementor-spacer-inner\"><\/div>\n\t\t<\/div>\n\t\t\t\t\t\t<\/div>\n\t\t\t\t<\/div>\n\t\t\t\t<div class=\"elementor-element elementor-element-8bcf84d elementor-widget elementor-widget-heading\" data-id=\"8bcf84d\" data-element_type=\"widget\" data-e-type=\"widget\" data-widget_type=\"heading.default\">\n\t\t\t\t<div class=\"elementor-widget-container\">\n\t\t\t\t\t<h2 class=\"elementor-heading-title elementor-size-default\">SERVICIOS<\/h2>\t\t\t\t<\/div>\n\t\t\t\t<\/div>\n\t\t\t\t<div class=\"elementor-element elementor-element-c702fac elementor-widget elementor-widget-heading\" data-id=\"c702fac\" data-element_type=\"widget\" data-e-type=\"widget\" data-widget_type=\"heading.default\">\n\t\t\t\t<div class=\"elementor-widget-container\">\n\t\t\t\t\t<h2 class=\"elementor-heading-title elementor-size-default\">Alza el vuelo: Aviaci\u00f3n privada exclusiva<\/h2>\t\t\t\t<\/div>\n\t\t\t\t<\/div>\n\t\t\t\t<div class=\"elementor-element elementor-element-eca7549 elementor-widget elementor-widget-text-editor\" data-id=\"eca7549\" data-element_type=\"widget\" data-e-type=\"widget\" data-widget_type=\"text-editor.default\">\n\t\t\t\t<div class=\"elementor-widget-container\">\n\t\t\t\t\t\t\t\t\t<p style=\"text-align: center;\" data-start=\"0\" data-end=\"390\" class=\"translation-block\"><strong data-start=\"0\" data-end=\"30\">Experimente lo \u00faltimo en<\/strong> <strong data-start=\"31\" data-end=\"66\" data-is-only-node=\"\">comodidad, velocidad y exclusividad<\/strong> <strong data-start=\"67\" data-end=\"106\">con nuestros servicios de aviaci\u00f3n<\/strong> privada. Tanto si necesita un <strong data-start=\"126\" data-end=\"174\">elegante avi\u00f3n privado para viajes de larga distancia<\/strong> como un <strong data-start=\"180\" data-end=\"232\">vers\u00e1til helic\u00f3ptero privado para rutas m\u00e1s cortas,<\/strong> satisfacemos todas sus necesidades. Dise\u00f1adas para <strong data-start=\"274\" data-end=\"291\">ahorrarle tiempo<\/strong> y proporcionarle <strong data-start=\"304\" data-end=\"333\">una comodidad sin igual,<\/strong> nuestras aeronaves le ofrecen una <strong data-start=\"357\" data-end=\"388\">experiencia de viaje perfecta.<\/strong><\/p><p style=\"text-align: center;\" data-start=\"392\" data-end=\"615\" data-is-last-node=\"\" data-is-only-node=\"\">With options for <strong data-start=\"409\" data-end=\"463\">charter flights, purchase, or management services,<\/strong> our fleet ensures a <strong data-start=\"484\" data-end=\"533\">bespoke journey tailored to your preferences.<\/strong> <strong data-start=\"534\" data-end=\"567\">Elevate your travel standards<\/strong> and discover <strong data-start=\"581\" data-end=\"615\" data-is-last-node=\"\">the freedom of flying private.<\/strong><\/p>\t\t\t\t\t\t\t\t<\/div>\n\t\t\t\t<\/div>\n\t\t\t\t\t<\/div>\n\t\t\t\t<\/div>\n\t\t<div class=\"elementor-element elementor-element-9839bb8 e-con-full e-flex wpr-particle-no wpr-jarallax-no wpr-parallax-no wpr-sticky-section-no wpr-equal-height-no e-con e-parent\" data-id=\"9839bb8\" data-element_type=\"container\" data-e-type=\"container\">\n\t\t<div class=\"elementor-element elementor-element-d9cb3ab e-con-full e-flex wpr-particle-no wpr-jarallax-no wpr-parallax-no wpr-sticky-section-no wpr-equal-height-no e-con e-child\" data-id=\"d9cb3ab\" data-element_type=\"container\" data-e-type=\"container\">\n\t\t\t\t<\/div>\n\t\t<div class=\"elementor-element elementor-element-1ebdb18 e-con-full e-flex wpr-particle-no wpr-jarallax-no wpr-parallax-no wpr-sticky-section-no wpr-equal-height-no e-con e-child\" data-id=\"1ebdb18\" data-element_type=\"container\" data-e-type=\"container\">\n\t\t\t\t<div class=\"elementor-element elementor-element-62c9149 elementor-widget elementor-widget-heading\" data-id=\"62c9149\" data-element_type=\"widget\" data-e-type=\"widget\" data-widget_type=\"heading.default\">\n\t\t\t\t<div class=\"elementor-widget-container\">\n\t\t\t\t\t<h2 class=\"elementor-heading-title elementor-size-default\">Aviones privados<\/h2>\t\t\t\t<\/div>\n\t\t\t\t<\/div>\n\t\t\t\t<div class=\"elementor-element elementor-element-8d465a7 elementor-widget elementor-widget-image\" data-id=\"8d465a7\" data-element_type=\"widget\" data-e-type=\"widget\" data-widget_type=\"image.default\">\n\t\t\t\t<div class=\"elementor-widget-container\">\n\t\t\t\t\t\t\t\t\t\t\t\t\t\t\t<img fetchpriority=\"high\" decoding=\"async\" width=\"1152\" height=\"1536\" src=\"https:\/\/theglobaldreamnetwork.com\/wp-content\/uploads\/2025\/01\/pexels-luis-contf-2970945-7355145-1152x1536.jpg\" class=\"attachment-1536x1536 size-1536x1536 wp-image-2453\" alt=\"\" srcset=\"https:\/\/theglobaldreamnetwork.com\/wp-content\/uploads\/2025\/01\/pexels-luis-contf-2970945-7355145-1152x1536.jpg 1152w, https:\/\/theglobaldreamnetwork.com\/wp-content\/uploads\/2025\/01\/pexels-luis-contf-2970945-7355145-225x300.jpg 225w, https:\/\/theglobaldreamnetwork.com\/wp-content\/uploads\/2025\/01\/pexels-luis-contf-2970945-7355145-768x1024.jpg 768w, https:\/\/theglobaldreamnetwork.com\/wp-content\/uploads\/2025\/01\/pexels-luis-contf-2970945-7355145-1536x2048.jpg 1536w, https:\/\/theglobaldreamnetwork.com\/wp-content\/uploads\/2025\/01\/pexels-luis-contf-2970945-7355145-9x12.jpg 9w, https:\/\/theglobaldreamnetwork.com\/wp-content\/uploads\/2025\/01\/pexels-luis-contf-2970945-7355145-scaled.jpg 1920w\" sizes=\"(max-width: 1152px) 100vw, 1152px\" \/>\t\t\t\t\t\t\t\t\t\t\t\t\t\t\t<\/div>\n\t\t\t\t<\/div>\n\t\t\t\t<div class=\"elementor-element elementor-element-696bcc5 elementor-widget elementor-widget-text-editor\" data-id=\"696bcc5\" data-element_type=\"widget\" data-e-type=\"widget\" data-widget_type=\"text-editor.default\">\n\t\t\t\t<div class=\"elementor-widget-container\">\n\t\t\t\t\t\t\t\t\t<p><a href=\"https:\/\/theglobaldreamnetwork.com\/es\/private-plane-charter\/\">Charter<\/a><\/p><p><a href=\"https:\/\/theglobaldreamnetwork.com\/es\/private-plane-buy\/\">Compra<\/a><\/p><p><a href=\"https:\/\/theglobaldreamnetwork.com\/es\/private-plane-sell\/\">Venta<\/a><\/p><p><a href=\"https:\/\/theglobaldreamnetwork.com\/es\/private-plane-management\/\">Gesti\u00f3n<\/a><\/p>\t\t\t\t\t\t\t\t<\/div>\n\t\t\t\t<\/div>\n\t\t\t\t<\/div>\n\t\t<div class=\"elementor-element elementor-element-428f2f4 e-con-full e-flex wpr-particle-no wpr-jarallax-no wpr-parallax-no wpr-sticky-section-no wpr-equal-height-no e-con e-child\" data-id=\"428f2f4\" data-element_type=\"container\" data-e-type=\"container\">\n\t\t\t\t<div class=\"elementor-element elementor-element-65cec6f elementor-widget elementor-widget-heading\" data-id=\"65cec6f\" data-element_type=\"widget\" data-e-type=\"widget\" data-widget_type=\"heading.default\">\n\t\t\t\t<div class=\"elementor-widget-container\">\n\t\t\t\t\t<h2 class=\"elementor-heading-title elementor-size-default\">Helic\u00f3pteros privados<\/h2>\t\t\t\t<\/div>\n\t\t\t\t<\/div>\n\t\t\t\t<div class=\"elementor-element elementor-element-8f64a6a elementor-widget elementor-widget-image\" data-id=\"8f64a6a\" data-element_type=\"widget\" data-e-type=\"widget\" data-widget_type=\"image.default\">\n\t\t\t\t<div class=\"elementor-widget-container\">\n\t\t\t\t\t\t\t\t\t\t\t\t\t\t\t<img decoding=\"async\" width=\"683\" height=\"1024\" src=\"https:\/\/theglobaldreamnetwork.com\/wp-content\/uploads\/2025\/01\/pexels-lukas-rodriguez-1845331-20065940-683x1024.jpg\" class=\"attachment-large size-large wp-image-2454\" alt=\"\" srcset=\"https:\/\/theglobaldreamnetwork.com\/wp-content\/uploads\/2025\/01\/pexels-lukas-rodriguez-1845331-20065940-683x1024.jpg 683w, https:\/\/theglobaldreamnetwork.com\/wp-content\/uploads\/2025\/01\/pexels-lukas-rodriguez-1845331-20065940-200x300.jpg 200w, https:\/\/theglobaldreamnetwork.com\/wp-content\/uploads\/2025\/01\/pexels-lukas-rodriguez-1845331-20065940-768x1152.jpg 768w, https:\/\/theglobaldreamnetwork.com\/wp-content\/uploads\/2025\/01\/pexels-lukas-rodriguez-1845331-20065940-1024x1536.jpg 1024w, https:\/\/theglobaldreamnetwork.com\/wp-content\/uploads\/2025\/01\/pexels-lukas-rodriguez-1845331-20065940-1365x2048.jpg 1365w, https:\/\/theglobaldreamnetwork.com\/wp-content\/uploads\/2025\/01\/pexels-lukas-rodriguez-1845331-20065940-8x12.jpg 8w, https:\/\/theglobaldreamnetwork.com\/wp-content\/uploads\/2025\/01\/pexels-lukas-rodriguez-1845331-20065940-scaled.jpg 1707w\" sizes=\"(max-width: 683px) 100vw, 683px\" \/>\t\t\t\t\t\t\t\t\t\t\t\t\t\t\t<\/div>\n\t\t\t\t<\/div>\n\t\t\t\t<div class=\"elementor-element elementor-element-881a1a3 elementor-widget elementor-widget-text-editor\" data-id=\"881a1a3\" data-element_type=\"widget\" data-e-type=\"widget\" data-widget_type=\"text-editor.default\">\n\t\t\t\t<div class=\"elementor-widget-container\">\n\t\t\t\t\t\t\t\t\t<p><a href=\"https:\/\/theglobaldreamnetwork.com\/es\/private-helicopters-charter\/\">Charter<\/a><\/p><p><a href=\"https:\/\/theglobaldreamnetwork.com\/es\/private-helicopter-buy\/\">Compra<\/a><\/p><p><a href=\"https:\/\/theglobaldreamnetwork.com\/es\/private-helicopter-sell\/\">Venta<\/a><\/p><p><a href=\"https:\/\/theglobaldreamnetwork.com\/es\/private-helicopter-management\/\">Gesti\u00f3n<\/a><\/p>\t\t\t\t\t\t\t\t<\/div>\n\t\t\t\t<\/div>\n\t\t\t\t<\/div>\n\t\t<div class=\"elementor-element elementor-element-6bdb7ad e-con-full e-flex wpr-particle-no wpr-jarallax-no wpr-parallax-no wpr-sticky-section-no wpr-equal-height-no e-con e-child\" data-id=\"6bdb7ad\" data-element_type=\"container\" data-e-type=\"container\">\n\t\t\t\t<\/div>\n\t\t\t\t<\/div>\n\t\t<div class=\"elementor-element elementor-element-ac368db e-flex e-con-boxed wpr-particle-no wpr-jarallax-no wpr-parallax-no wpr-sticky-section-no wpr-equal-height-no e-con e-parent\" data-id=\"ac368db\" data-element_type=\"container\" data-e-type=\"container\">\n\t\t\t\t\t<div class=\"e-con-inner\">\n\t\t\t\t<div class=\"elementor-element elementor-element-ce6fcd1 elementor-widget elementor-widget-spacer\" data-id=\"ce6fcd1\" data-element_type=\"widget\" data-e-type=\"widget\" data-widget_type=\"spacer.default\">\n\t\t\t\t<div class=\"elementor-widget-container\">\n\t\t\t\t\t\t\t<div class=\"elementor-spacer\">\n\t\t\t<div class=\"elementor-spacer-inner\"><\/div>\n\t\t<\/div>\n\t\t\t\t\t\t<\/div>\n\t\t\t\t<\/div>\n\t\t\t\t\t<\/div>\n\t\t\t\t<\/div>\n\t\t\t\t<\/div>","protected":false},"excerpt":{"rendered":"<p>private aviation SERVICES Soar Above: Exclusive Private Aviation Experience the ultimate in comfort, speed, and exclusivity with our Private Aviation services. Whether you need a sleek private plane for long-distance travel or a versatile private helicopter for shorter routes, we cater to your every need. Designed to save you time and provide unparalleled convenience, our aircraft deliver a seamless travel experience. With options for charter flights, purchase, or management services, our fleet ensures a bespoke journey tailored to your preferences. Elevate your travel standards and discover the freedom of flying private. Private Planes Charter Buy Sell Management Private Helicopters Charter Buy Sell Management<\/p>","protected":false},"author":2,"featured_media":0,"parent":0,"menu_order":0,"comment_status":"closed","ping_status":"closed","template":"","meta":{"site-sidebar-layout":"no-sidebar","site-content-layout":"page-builder","ast-site-content-layout":"full-width-container","site-content-style":"default","site-sidebar-style":"default","ast-global-header-display":"","ast-banner-title-visibility":"","ast-main-header-display":"","ast-hfb-above-header-display":"","ast-hfb-below-header-display":"","ast-hfb-mobile-header-display":"","site-post-title":"disabled","ast-breadcrumbs-content":"","ast-featured-img":"disabled","footer-sml-layout":"","theme-transparent-header-meta":"","adv-header-id-meta":"","stick-header-meta":"","header-above-stick-meta":"","header-main-stick-meta":"","header-below-stick-meta":"","astra-migrate-meta-layouts":"set","ast-page-background-enabled":"default","ast-page-background-meta":{"desktop":{"background-color":"","background-image":"","background-repeat":"repeat","background-position":"center center","background-size":"auto","background-attachment":"scroll","background-type":"","background-media":"","overlay-type":"","overlay-color":"","overlay-opacity":"","overlay-gradient":""},"tablet":{"background-color":"","background-image":"","background-repeat":"repeat","background-position":"center center","background-size":"auto","background-attachment":"scroll","background-type":"","background-media":"","overlay-type":"","overlay-color":"","overlay-opacity":"","overlay-gradient":""},"mobile":{"background-color":"","background-image":"","background-repeat":"repeat","background-position":"center center","background-size":"auto","background-attachment":"scroll","background-type":"","background-media":"","overlay-type":"","overlay-color":"","overlay-opacity":"","overlay-gradient":""}},"ast-content-background-meta":{"desktop":{"background-color":"var(--ast-global-color-5)","background-image":"","background-repeat":"repeat","background-position":"center center","background-size":"auto","background-attachment":"scroll","background-type":"","background-media":"","overlay-type":"","overlay-color":"","overlay-opacity":"","overlay-gradient":""},"tablet":{"background-color":"var(--ast-global-color-5)","background-image":"","background-repeat":"repeat","background-position":"center center","background-size":"auto","background-attachment":"scroll","background-type":"","background-media":"","overlay-type":"","overlay-color":"","overlay-opacity":"","overlay-gradient":""},"mobile":{"background-color":"var(--ast-global-color-5)","background-image":"","background-repeat":"repeat","background-position":"center center","background-size":"auto","background-attachment":"scroll","background-type":"","background-media":"","overlay-type":"","overlay-color":"","overlay-opacity":"","overlay-gradient":""}},"footnotes":""},"class_list":["post-2124","page","type-page","status-publish","hentry"],"aioseo_notices":[],"_links":{"self":[{"href":"https:\/\/theglobaldreamnetwork.com\/es\/wp-json\/wp\/v2\/pages\/2124","targetHints":{"allow":["GET"]}}],"collection":[{"href":"https:\/\/theglobaldreamnetwork.com\/es\/wp-json\/wp\/v2\/pages"}],"about":[{"href":"https:\/\/theglobaldreamnetwork.com\/es\/wp-json\/wp\/v2\/types\/page"}],"author":[{"embeddable":true,"href":"https:\/\/theglobaldreamnetwork.com\/es\/wp-json\/wp\/v2\/users\/2"}],"replies":[{"embeddable":true,"href":"https:\/\/theglobaldreamnetwork.com\/es\/wp-json\/wp\/v2\/comments?post=2124"}],"version-history":[{"count":49,"href":"https:\/\/theglobaldreamnetwork.com\/es\/wp-json\/wp\/v2\/pages\/2124\/revisions"}],"predecessor-version":[{"id":3650,"href":"https:\/\/theglobaldreamnetwork.com\/es\/wp-json\/wp\/v2\/pages\/2124\/revisions\/3650"}],"wp:attachment":[{"href":"https:\/\/theglobaldreamnetwork.com\/es\/wp-json\/wp\/v2\/media?parent=2124"}],"curies":[{"name":"wp","href":"https:\/\/api.w.org\/{rel}","templated":true}]}}