{"id":3132,"date":"2025-02-12T04:50:39","date_gmt":"2025-02-12T04:50:39","guid":{"rendered":"https:\/\/theglobaldreamnetwork.com\/?page_id=3132"},"modified":"2025-02-12T04:56:23","modified_gmt":"2025-02-12T04:56:23","slug":"private-helicopters-charter","status":"publish","type":"page","link":"https:\/\/theglobaldreamnetwork.com\/es\/private-helicopters-charter\/","title":{"rendered":"Private Helicopter charter"},"content":{"rendered":"<div data-elementor-type=\"wp-page\" data-elementor-id=\"3132\" class=\"elementor elementor-3132\">\n\t\t\t\t\t\t<section class=\"elementor-section elementor-top-section elementor-element elementor-element-2f3245580 elementor-section-boxed elementor-section-height-default elementor-section-height-default wpr-particle-no wpr-jarallax-no wpr-parallax-no wpr-sticky-section-no wpr-equal-height-no\" data-id=\"2f3245580\" data-element_type=\"section\" data-e-type=\"section\" data-settings=\"{&quot;background_background&quot;:&quot;classic&quot;}\">\n\t\t\t\t\t\t\t<div class=\"elementor-background-overlay\"><\/div>\n\t\t\t\t\t\t\t<div class=\"elementor-container elementor-column-gap-default\">\n\t\t\t\t\t<div class=\"elementor-column elementor-col-100 elementor-top-column elementor-element elementor-element-33134236\" data-id=\"33134236\" data-element_type=\"column\" data-e-type=\"column\">\n\t\t\t<div class=\"elementor-widget-wrap elementor-element-populated\">\n\t\t\t\t\t\t<div class=\"elementor-element elementor-element-3b06b3c9 elementor-widget elementor-widget-heading\" data-id=\"3b06b3c9\" data-element_type=\"widget\" data-e-type=\"widget\" data-widget_type=\"heading.default\">\n\t\t\t\t<div class=\"elementor-widget-container\">\n\t\t\t\t\t<h2 class=\"elementor-heading-title elementor-size-default\">Alquiler de helic\u00f3pteros privados<\/h2>\t\t\t\t<\/div>\n\t\t\t\t<\/div>\n\t\t\t\t\t<\/div>\n\t\t<\/div>\n\t\t\t\t\t<\/div>\n\t\t<\/section>\n\t\t<div class=\"elementor-element elementor-element-0d5cbb3 e-flex e-con-boxed wpr-particle-no wpr-jarallax-no wpr-parallax-no wpr-sticky-section-no wpr-equal-height-no e-con e-parent\" data-id=\"0d5cbb3\" data-element_type=\"container\" data-e-type=\"container\">\n\t\t\t\t\t<div class=\"e-con-inner\">\n\t\t\t\t<div class=\"elementor-element elementor-element-f93353a elementor-widget elementor-widget-spacer\" data-id=\"f93353a\" data-element_type=\"widget\" data-e-type=\"widget\" data-widget_type=\"spacer.default\">\n\t\t\t\t<div class=\"elementor-widget-container\">\n\t\t\t\t\t\t\t<div class=\"elementor-spacer\">\n\t\t\t<div class=\"elementor-spacer-inner\"><\/div>\n\t\t<\/div>\n\t\t\t\t\t\t<\/div>\n\t\t\t\t<\/div>\n\t\t\t\t<div class=\"elementor-element elementor-element-eca7549 elementor-widget elementor-widget-text-editor\" data-id=\"eca7549\" data-element_type=\"widget\" data-e-type=\"widget\" data-widget_type=\"text-editor.default\">\n\t\t\t\t<div class=\"elementor-widget-container\">\n\t\t\t\t\t\t\t\t\t<p style=\"text-align: center;\" class=\"translation-block\">Descubra el mundo de los viajes flexibles y privados con nuestro <strong>servicio de alquiler de helic\u00f3pteros con conserje<\/strong>. Tanto si busca un viaje r\u00e1pido a un destino remoto, un traslado VIP o una excursi\u00f3n panor\u00e1mica, nuestros <strong>helic\u00f3pteros<\/strong> ch\u00e1rter le ofrecen una opci\u00f3n c\u00f3moda y lujosa. Elija entre una gama de aeronaves que se adaptan a sus necesidades, garantiz\u00e1ndole comodidad, rapidez y privacidad.<br>Coordinamos todos los aspectos de su viaje en helic\u00f3ptero, desde la reserva hasta <strong>los itinerarios personalizados<\/strong>, y le proporcionamos acceso a una flota de helic\u00f3pteros operados por profesionales de confianza. Experimente la libertad de viajar con estilo, ahorrando tiempo y evitando las molestias de los viajes tradicionales.<\/p>\t\t\t\t\t\t\t\t<\/div>\n\t\t\t\t<\/div>\n\t\t\t\t\t<\/div>\n\t\t\t\t<\/div>\n\t\t<div class=\"elementor-element elementor-element-ac368db e-flex e-con-boxed wpr-particle-no wpr-jarallax-no wpr-parallax-no wpr-sticky-section-no wpr-equal-height-no e-con e-parent\" data-id=\"ac368db\" data-element_type=\"container\" data-e-type=\"container\">\n\t\t\t\t\t<div class=\"e-con-inner\">\n\t\t\t\t<div class=\"elementor-element elementor-element-ee3cc42 elementor-align-center popmake-3136 elementor-widget elementor-widget-button\" data-id=\"ee3cc42\" data-element_type=\"widget\" data-e-type=\"widget\" data-widget_type=\"button.default\">\n\t\t\t\t<div class=\"elementor-widget-container\">\n\t\t\t\t\t\t\t\t\t<div class=\"elementor-button-wrapper\">\n\t\t\t\t\t<a class=\"elementor-button elementor-size-sm\" role=\"button\">\n\t\t\t\t\t\t<span class=\"elementor-button-content-wrapper\">\n\t\t\t\t\t\t\t\t\t<span class=\"elementor-button-text\">Env\u00ede su consulta<\/span>\n\t\t\t\t\t<\/span>\n\t\t\t\t\t<\/a>\n\t\t\t\t<\/div>\n\t\t\t\t\t\t\t\t<\/div>\n\t\t\t\t<\/div>\n\t\t\t\t\t<\/div>\n\t\t\t\t<\/div>\n\t\t<div class=\"elementor-element elementor-element-3949753 e-flex e-con-boxed wpr-particle-no wpr-jarallax-no wpr-parallax-no wpr-sticky-section-no wpr-equal-height-no e-con e-parent\" data-id=\"3949753\" data-element_type=\"container\" data-e-type=\"container\">\n\t\t\t\t\t<div class=\"e-con-inner\">\n\t\t\t\t<div class=\"elementor-element elementor-element-d5b4fa4 elementor-widget elementor-widget-image\" data-id=\"d5b4fa4\" data-element_type=\"widget\" data-e-type=\"widget\" data-widget_type=\"image.default\">\n\t\t\t\t<div class=\"elementor-widget-container\">\n\t\t\t\t\t\t\t\t\t\t\t\t\t\t\t<img fetchpriority=\"high\" decoding=\"async\" width=\"1024\" height=\"683\" src=\"https:\/\/theglobaldreamnetwork.com\/wp-content\/uploads\/2025\/02\/pexels-camcasey-1686990-1024x683.jpg\" class=\"attachment-large size-large wp-image-3134\" alt=\"\" srcset=\"https:\/\/theglobaldreamnetwork.com\/wp-content\/uploads\/2025\/02\/pexels-camcasey-1686990-1024x683.jpg 1024w, https:\/\/theglobaldreamnetwork.com\/wp-content\/uploads\/2025\/02\/pexels-camcasey-1686990-300x200.jpg 300w, https:\/\/theglobaldreamnetwork.com\/wp-content\/uploads\/2025\/02\/pexels-camcasey-1686990-768x512.jpg 768w, https:\/\/theglobaldreamnetwork.com\/wp-content\/uploads\/2025\/02\/pexels-camcasey-1686990-1536x1024.jpg 1536w, https:\/\/theglobaldreamnetwork.com\/wp-content\/uploads\/2025\/02\/pexels-camcasey-1686990-2048x1365.jpg 2048w, https:\/\/theglobaldreamnetwork.com\/wp-content\/uploads\/2025\/02\/pexels-camcasey-1686990-18x12.jpg 18w\" sizes=\"(max-width: 1024px) 100vw, 1024px\" \/>\t\t\t\t\t\t\t\t\t\t\t\t\t\t\t<\/div>\n\t\t\t\t<\/div>\n\t\t\t\t\t<\/div>\n\t\t\t\t<\/div>\n\t\t<div class=\"elementor-element elementor-element-55a0702 e-flex e-con-boxed wpr-particle-no wpr-jarallax-no wpr-parallax-no wpr-sticky-section-no wpr-equal-height-no e-con e-parent\" data-id=\"55a0702\" data-element_type=\"container\" data-e-type=\"container\">\n\t\t\t\t\t<div class=\"e-con-inner\">\n\t\t\t\t<div class=\"elementor-element elementor-element-ce6fcd1 elementor-widget elementor-widget-spacer\" data-id=\"ce6fcd1\" data-element_type=\"widget\" data-e-type=\"widget\" data-widget_type=\"spacer.default\">\n\t\t\t\t<div class=\"elementor-widget-container\">\n\t\t\t\t\t\t\t<div class=\"elementor-spacer\">\n\t\t\t<div class=\"elementor-spacer-inner\"><\/div>\n\t\t<\/div>\n\t\t\t\t\t\t<\/div>\n\t\t\t\t<\/div>\n\t\t\t\t\t<\/div>\n\t\t\t\t<\/div>\n\t\t\t\t<\/div>","protected":false},"excerpt":{"rendered":"<p>Private Helicopters Charter Unlock the world of flexible, private travel with our Helicopter Charter Concierge Service. Whether you&#8217;re looking for a quick trip to a remote destination, a VIP transfer, or a scenic tour, our charter helicopters provide a convenient and luxurious option. Choose from a range of aircraft to suit your needs, ensuring comfort, speed, and privacy.We coordinate every aspect of your helicopter journey, from booking to customized itineraries, and provide access to a fleet of helicopters operated by trusted professionals. Experience the freedom of traveling in style, all while saving time and avoiding the hassle of traditional travel. Send your inquiry<\/p>","protected":false},"author":2,"featured_media":0,"parent":0,"menu_order":0,"comment_status":"closed","ping_status":"closed","template":"","meta":{"site-sidebar-layout":"no-sidebar","site-content-layout":"page-builder","ast-site-content-layout":"full-width-container","site-content-style":"default","site-sidebar-style":"default","ast-global-header-display":"","ast-banner-title-visibility":"","ast-main-header-display":"","ast-hfb-above-header-display":"","ast-hfb-below-header-display":"","ast-hfb-mobile-header-display":"","site-post-title":"disabled","ast-breadcrumbs-content":"","ast-featured-img":"disabled","footer-sml-layout":"","theme-transparent-header-meta":"","adv-header-id-meta":"","stick-header-meta":"","header-above-stick-meta":"","header-main-stick-meta":"","header-below-stick-meta":"","astra-migrate-meta-layouts":"set","ast-page-background-enabled":"default","ast-page-background-meta":{"desktop":{"background-color":"","background-image":"","background-repeat":"repeat","background-position":"center center","background-size":"auto","background-attachment":"scroll","background-type":"","background-media":"","overlay-type":"","overlay-color":"","overlay-opacity":"","overlay-gradient":""},"tablet":{"background-color":"","background-image":"","background-repeat":"repeat","background-position":"center center","background-size":"auto","background-attachment":"scroll","background-type":"","background-media":"","overlay-type":"","overlay-color":"","overlay-opacity":"","overlay-gradient":""},"mobile":{"background-color":"","background-image":"","background-repeat":"repeat","background-position":"center center","background-size":"auto","background-attachment":"scroll","background-type":"","background-media":"","overlay-type":"","overlay-color":"","overlay-opacity":"","overlay-gradient":""}},"ast-content-background-meta":{"desktop":{"background-color":"var(--ast-global-color-5)","background-image":"","background-repeat":"repeat","background-position":"center center","background-size":"auto","background-attachment":"scroll","background-type":"","background-media":"","overlay-type":"","overlay-color":"","overlay-opacity":"","overlay-gradient":""},"tablet":{"background-color":"var(--ast-global-color-5)","background-image":"","background-repeat":"repeat","background-position":"center center","background-size":"auto","background-attachment":"scroll","background-type":"","background-media":"","overlay-type":"","overlay-color":"","overlay-opacity":"","overlay-gradient":""},"mobile":{"background-color":"var(--ast-global-color-5)","background-image":"","background-repeat":"repeat","background-position":"center center","background-size":"auto","background-attachment":"scroll","background-type":"","background-media":"","overlay-type":"","overlay-color":"","overlay-opacity":"","overlay-gradient":""}},"footnotes":""},"class_list":["post-3132","page","type-page","status-publish","hentry"],"aioseo_notices":[],"_links":{"self":[{"href":"https:\/\/theglobaldreamnetwork.com\/es\/wp-json\/wp\/v2\/pages\/3132","targetHints":{"allow":["GET"]}}],"collection":[{"href":"https:\/\/theglobaldreamnetwork.com\/es\/wp-json\/wp\/v2\/pages"}],"about":[{"href":"https:\/\/theglobaldreamnetwork.com\/es\/wp-json\/wp\/v2\/types\/page"}],"author":[{"embeddable":true,"href":"https:\/\/theglobaldreamnetwork.com\/es\/wp-json\/wp\/v2\/users\/2"}],"replies":[{"embeddable":true,"href":"https:\/\/theglobaldreamnetwork.com\/es\/wp-json\/wp\/v2\/comments?post=3132"}],"version-history":[{"count":8,"href":"https:\/\/theglobaldreamnetwork.com\/es\/wp-json\/wp\/v2\/pages\/3132\/revisions"}],"predecessor-version":[{"id":3598,"href":"https:\/\/theglobaldreamnetwork.com\/es\/wp-json\/wp\/v2\/pages\/3132\/revisions\/3598"}],"wp:attachment":[{"href":"https:\/\/theglobaldreamnetwork.com\/es\/wp-json\/wp\/v2\/media?parent=3132"}],"curies":[{"name":"wp","href":"https:\/\/api.w.org\/{rel}","templated":true}]}}