{"id":3147,"date":"2025-02-12T05:04:24","date_gmt":"2025-02-12T05:04:24","guid":{"rendered":"https:\/\/theglobaldreamnetwork.com\/?page_id=3147"},"modified":"2025-02-12T05:10:53","modified_gmt":"2025-02-12T05:10:53","slug":"private-helicopter-buy","status":"publish","type":"page","link":"https:\/\/theglobaldreamnetwork.com\/es\/private-helicopter-buy\/","title":{"rendered":"Private Helicopter buy"},"content":{"rendered":"<div data-elementor-type=\"wp-page\" data-elementor-id=\"3147\" class=\"elementor elementor-3147\">\n\t\t\t\t\t\t<section class=\"elementor-section elementor-top-section elementor-element elementor-element-2f3245580 elementor-section-boxed elementor-section-height-default elementor-section-height-default wpr-particle-no wpr-jarallax-no wpr-parallax-no wpr-sticky-section-no wpr-equal-height-no\" data-id=\"2f3245580\" data-element_type=\"section\" data-e-type=\"section\" data-settings=\"{&quot;background_background&quot;:&quot;classic&quot;}\">\n\t\t\t\t\t\t\t<div class=\"elementor-background-overlay\"><\/div>\n\t\t\t\t\t\t\t<div class=\"elementor-container elementor-column-gap-default\">\n\t\t\t\t\t<div class=\"elementor-column elementor-col-100 elementor-top-column elementor-element elementor-element-33134236\" data-id=\"33134236\" data-element_type=\"column\" data-e-type=\"column\">\n\t\t\t<div class=\"elementor-widget-wrap elementor-element-populated\">\n\t\t\t\t\t\t<div class=\"elementor-element elementor-element-3b06b3c9 elementor-widget elementor-widget-heading\" data-id=\"3b06b3c9\" data-element_type=\"widget\" data-e-type=\"widget\" data-widget_type=\"heading.default\">\n\t\t\t\t<div class=\"elementor-widget-container\">\n\t\t\t\t\t<h2 class=\"elementor-heading-title elementor-size-default\">Compra de helicopteros privados<\/h2>\t\t\t\t<\/div>\n\t\t\t\t<\/div>\n\t\t\t\t\t<\/div>\n\t\t<\/div>\n\t\t\t\t\t<\/div>\n\t\t<\/section>\n\t\t<div class=\"elementor-element elementor-element-0d5cbb3 e-flex e-con-boxed wpr-particle-no wpr-jarallax-no wpr-parallax-no wpr-sticky-section-no wpr-equal-height-no e-con e-parent\" data-id=\"0d5cbb3\" data-element_type=\"container\" data-e-type=\"container\">\n\t\t\t\t\t<div class=\"e-con-inner\">\n\t\t\t\t<div class=\"elementor-element elementor-element-f93353a elementor-widget elementor-widget-spacer\" data-id=\"f93353a\" data-element_type=\"widget\" data-e-type=\"widget\" data-widget_type=\"spacer.default\">\n\t\t\t\t<div class=\"elementor-widget-container\">\n\t\t\t\t\t\t\t<div class=\"elementor-spacer\">\n\t\t\t<div class=\"elementor-spacer-inner\"><\/div>\n\t\t<\/div>\n\t\t\t\t\t\t<\/div>\n\t\t\t\t<\/div>\n\t\t\t\t<div class=\"elementor-element elementor-element-eca7549 elementor-widget elementor-widget-text-editor\" data-id=\"eca7549\" data-element_type=\"widget\" data-e-type=\"widget\" data-widget_type=\"text-editor.default\">\n\t\t\t\t<div class=\"elementor-widget-container\">\n\t\t\t\t\t\t\t\t\t<p style=\"text-align: center;\" class=\"translation-block\">Experimente la comodidad de <strong>adquirir su helic\u00f3ptero perfecto<\/strong> con nuestro <strong>Servicio de Conserjer\u00eda para la Adquisici\u00f3n de Helic\u00f3pteros<\/strong>. Tanto si busca una aeronave de segunda mano como una nueva construcci\u00f3n a medida, le ponemos en contacto con los principales fabricantes, dise\u00f1adores y agentes del mundo. Nuestro equipo se asegura de que el proceso sea fluido, eficiente y se adapte exactamente a sus necesidades.<\/p><p style=\"text-align: center;\" class=\"translation-block\">Desde el asesoramiento experto sobre modelos y opciones de personalizaci\u00f3n hasta la gesti\u00f3n del proceso de compra, le ofrecemos una experiencia sin fisuras, gui\u00e1ndole en cada paso de la<strong> adquisici\u00f3n de su helic\u00f3ptero<\/strong>. Perm\u00edtanos ayudarle a encontrar el helic\u00f3ptero perfecto que se adapte a su estilo de vida y a sus necesidades de vuelo.<\/p>\t\t\t\t\t\t\t\t<\/div>\n\t\t\t\t<\/div>\n\t\t\t\t\t<\/div>\n\t\t\t\t<\/div>\n\t\t<div class=\"elementor-element elementor-element-ac368db e-flex e-con-boxed wpr-particle-no wpr-jarallax-no wpr-parallax-no wpr-sticky-section-no wpr-equal-height-no e-con e-parent\" data-id=\"ac368db\" data-element_type=\"container\" data-e-type=\"container\">\n\t\t\t\t\t<div class=\"e-con-inner\">\n\t\t\t\t<div class=\"elementor-element elementor-element-ee3cc42 elementor-align-center popmake-3149 elementor-widget elementor-widget-button\" data-id=\"ee3cc42\" data-element_type=\"widget\" data-e-type=\"widget\" data-widget_type=\"button.default\">\n\t\t\t\t<div class=\"elementor-widget-container\">\n\t\t\t\t\t\t\t\t\t<div class=\"elementor-button-wrapper\">\n\t\t\t\t\t<a class=\"elementor-button elementor-size-sm\" role=\"button\">\n\t\t\t\t\t\t<span class=\"elementor-button-content-wrapper\">\n\t\t\t\t\t\t\t\t\t<span class=\"elementor-button-text\">Env\u00ede su consulta<\/span>\n\t\t\t\t\t<\/span>\n\t\t\t\t\t<\/a>\n\t\t\t\t<\/div>\n\t\t\t\t\t\t\t\t<\/div>\n\t\t\t\t<\/div>\n\t\t\t\t\t<\/div>\n\t\t\t\t<\/div>\n\t\t<div class=\"elementor-element elementor-element-3949753 e-flex e-con-boxed wpr-particle-no wpr-jarallax-no wpr-parallax-no wpr-sticky-section-no wpr-equal-height-no e-con e-parent\" data-id=\"3949753\" data-element_type=\"container\" data-e-type=\"container\">\n\t\t\t\t\t<div class=\"e-con-inner\">\n\t\t\t\t<div class=\"elementor-element elementor-element-d5b4fa4 elementor-widget elementor-widget-image\" data-id=\"d5b4fa4\" data-element_type=\"widget\" data-e-type=\"widget\" data-widget_type=\"image.default\">\n\t\t\t\t<div class=\"elementor-widget-container\">\n\t\t\t\t\t\t\t\t\t\t\t\t\t\t\t<img fetchpriority=\"high\" decoding=\"async\" width=\"1024\" height=\"683\" src=\"https:\/\/theglobaldreamnetwork.com\/wp-content\/uploads\/2025\/02\/pexels-camcasey-1686990-1024x683.jpg\" class=\"attachment-large size-large wp-image-3134\" alt=\"\" srcset=\"https:\/\/theglobaldreamnetwork.com\/wp-content\/uploads\/2025\/02\/pexels-camcasey-1686990-1024x683.jpg 1024w, https:\/\/theglobaldreamnetwork.com\/wp-content\/uploads\/2025\/02\/pexels-camcasey-1686990-300x200.jpg 300w, https:\/\/theglobaldreamnetwork.com\/wp-content\/uploads\/2025\/02\/pexels-camcasey-1686990-768x512.jpg 768w, https:\/\/theglobaldreamnetwork.com\/wp-content\/uploads\/2025\/02\/pexels-camcasey-1686990-1536x1024.jpg 1536w, https:\/\/theglobaldreamnetwork.com\/wp-content\/uploads\/2025\/02\/pexels-camcasey-1686990-2048x1365.jpg 2048w, https:\/\/theglobaldreamnetwork.com\/wp-content\/uploads\/2025\/02\/pexels-camcasey-1686990-18x12.jpg 18w\" sizes=\"(max-width: 1024px) 100vw, 1024px\" \/>\t\t\t\t\t\t\t\t\t\t\t\t\t\t\t<\/div>\n\t\t\t\t<\/div>\n\t\t\t\t\t<\/div>\n\t\t\t\t<\/div>\n\t\t<div class=\"elementor-element elementor-element-55a0702 e-flex e-con-boxed wpr-particle-no wpr-jarallax-no wpr-parallax-no wpr-sticky-section-no wpr-equal-height-no e-con e-parent\" data-id=\"55a0702\" data-element_type=\"container\" data-e-type=\"container\">\n\t\t\t\t\t<div class=\"e-con-inner\">\n\t\t\t\t<div class=\"elementor-element elementor-element-ce6fcd1 elementor-widget elementor-widget-spacer\" data-id=\"ce6fcd1\" data-element_type=\"widget\" data-e-type=\"widget\" data-widget_type=\"spacer.default\">\n\t\t\t\t<div class=\"elementor-widget-container\">\n\t\t\t\t\t\t\t<div class=\"elementor-spacer\">\n\t\t\t<div class=\"elementor-spacer-inner\"><\/div>\n\t\t<\/div>\n\t\t\t\t\t\t<\/div>\n\t\t\t\t<\/div>\n\t\t\t\t\t<\/div>\n\t\t\t\t<\/div>\n\t\t\t\t<\/div>","protected":false},"excerpt":{"rendered":"<p>Private Helicopters Buy Experience the convenience of acquiring your perfect helicopter with our Helicopter Acquisition Concierge Service. Whether you are looking for a pre-owned aircraft or a bespoke new build, we connect you with the world\u2019s leading manufacturers, designers, and brokers. Our team ensures that the process is smooth, efficient, and tailored to your exact needs. From expert advice on models and customization options to handling the purchase process, we provide a seamless experience, guiding you through every step of your helicopter acquisition. Let us help you find the perfect helicopter to match your lifestyle and flying needs. Send your inquiry<\/p>","protected":false},"author":2,"featured_media":0,"parent":0,"menu_order":0,"comment_status":"closed","ping_status":"closed","template":"","meta":{"site-sidebar-layout":"no-sidebar","site-content-layout":"page-builder","ast-site-content-layout":"full-width-container","site-content-style":"default","site-sidebar-style":"default","ast-global-header-display":"","ast-banner-title-visibility":"","ast-main-header-display":"","ast-hfb-above-header-display":"","ast-hfb-below-header-display":"","ast-hfb-mobile-header-display":"","site-post-title":"disabled","ast-breadcrumbs-content":"","ast-featured-img":"disabled","footer-sml-layout":"","theme-transparent-header-meta":"","adv-header-id-meta":"","stick-header-meta":"","header-above-stick-meta":"","header-main-stick-meta":"","header-below-stick-meta":"","astra-migrate-meta-layouts":"set","ast-page-background-enabled":"default","ast-page-background-meta":{"desktop":{"background-color":"","background-image":"","background-repeat":"repeat","background-position":"center center","background-size":"auto","background-attachment":"scroll","background-type":"","background-media":"","overlay-type":"","overlay-color":"","overlay-opacity":"","overlay-gradient":""},"tablet":{"background-color":"","background-image":"","background-repeat":"repeat","background-position":"center center","background-size":"auto","background-attachment":"scroll","background-type":"","background-media":"","overlay-type":"","overlay-color":"","overlay-opacity":"","overlay-gradient":""},"mobile":{"background-color":"","background-image":"","background-repeat":"repeat","background-position":"center center","background-size":"auto","background-attachment":"scroll","background-type":"","background-media":"","overlay-type":"","overlay-color":"","overlay-opacity":"","overlay-gradient":""}},"ast-content-background-meta":{"desktop":{"background-color":"var(--ast-global-color-5)","background-image":"","background-repeat":"repeat","background-position":"center center","background-size":"auto","background-attachment":"scroll","background-type":"","background-media":"","overlay-type":"","overlay-color":"","overlay-opacity":"","overlay-gradient":""},"tablet":{"background-color":"var(--ast-global-color-5)","background-image":"","background-repeat":"repeat","background-position":"center center","background-size":"auto","background-attachment":"scroll","background-type":"","background-media":"","overlay-type":"","overlay-color":"","overlay-opacity":"","overlay-gradient":""},"mobile":{"background-color":"var(--ast-global-color-5)","background-image":"","background-repeat":"repeat","background-position":"center center","background-size":"auto","background-attachment":"scroll","background-type":"","background-media":"","overlay-type":"","overlay-color":"","overlay-opacity":"","overlay-gradient":""}},"footnotes":""},"class_list":["post-3147","page","type-page","status-publish","hentry"],"aioseo_notices":[],"_links":{"self":[{"href":"https:\/\/theglobaldreamnetwork.com\/es\/wp-json\/wp\/v2\/pages\/3147","targetHints":{"allow":["GET"]}}],"collection":[{"href":"https:\/\/theglobaldreamnetwork.com\/es\/wp-json\/wp\/v2\/pages"}],"about":[{"href":"https:\/\/theglobaldreamnetwork.com\/es\/wp-json\/wp\/v2\/types\/page"}],"author":[{"embeddable":true,"href":"https:\/\/theglobaldreamnetwork.com\/es\/wp-json\/wp\/v2\/users\/2"}],"replies":[{"embeddable":true,"href":"https:\/\/theglobaldreamnetwork.com\/es\/wp-json\/wp\/v2\/comments?post=3147"}],"version-history":[{"count":8,"href":"https:\/\/theglobaldreamnetwork.com\/es\/wp-json\/wp\/v2\/pages\/3147\/revisions"}],"predecessor-version":[{"id":3599,"href":"https:\/\/theglobaldreamnetwork.com\/es\/wp-json\/wp\/v2\/pages\/3147\/revisions\/3599"}],"wp:attachment":[{"href":"https:\/\/theglobaldreamnetwork.com\/es\/wp-json\/wp\/v2\/media?parent=3147"}],"curies":[{"name":"wp","href":"https:\/\/api.w.org\/{rel}","templated":true}]}}