{"id":3271,"date":"2025-02-20T10:28:14","date_gmt":"2025-02-20T10:28:14","guid":{"rendered":"https:\/\/theglobaldreamnetwork.com\/?page_id=3271"},"modified":"2025-03-31T03:58:17","modified_gmt":"2025-03-31T03:58:17","slug":"submarine-buy","status":"publish","type":"page","link":"https:\/\/theglobaldreamnetwork.com\/es\/submarine-buy\/","title":{"rendered":"Compra de submarinos"},"content":{"rendered":"<div data-elementor-type=\"wp-page\" data-elementor-id=\"3271\" class=\"elementor elementor-3271\">\n\t\t\t\t\t\t<section class=\"elementor-section elementor-top-section elementor-element elementor-element-2f3245580 elementor-section-boxed elementor-section-height-default elementor-section-height-default wpr-particle-no wpr-jarallax-no wpr-parallax-no wpr-sticky-section-no wpr-equal-height-no\" data-id=\"2f3245580\" data-element_type=\"section\" data-e-type=\"section\" data-settings=\"{&quot;background_background&quot;:&quot;classic&quot;}\">\n\t\t\t\t\t\t\t<div class=\"elementor-background-overlay\"><\/div>\n\t\t\t\t\t\t\t<div class=\"elementor-container elementor-column-gap-default\">\n\t\t\t\t\t<div class=\"elementor-column elementor-col-100 elementor-top-column elementor-element elementor-element-33134236\" data-id=\"33134236\" data-element_type=\"column\" data-e-type=\"column\">\n\t\t\t<div class=\"elementor-widget-wrap elementor-element-populated\">\n\t\t\t\t\t\t<div class=\"elementor-element elementor-element-3b06b3c9 elementor-widget elementor-widget-heading\" data-id=\"3b06b3c9\" data-element_type=\"widget\" data-e-type=\"widget\" data-widget_type=\"heading.default\">\n\t\t\t\t<div class=\"elementor-widget-container\">\n\t\t\t\t\t<h2 class=\"elementor-heading-title elementor-size-default\">Compra de submarinos\n<\/h2>\t\t\t\t<\/div>\n\t\t\t\t<\/div>\n\t\t\t\t\t<\/div>\n\t\t<\/div>\n\t\t\t\t\t<\/div>\n\t\t<\/section>\n\t\t<div class=\"elementor-element elementor-element-0d5cbb3 e-flex e-con-boxed wpr-particle-no wpr-jarallax-no wpr-parallax-no wpr-sticky-section-no wpr-equal-height-no e-con e-parent\" data-id=\"0d5cbb3\" data-element_type=\"container\" data-e-type=\"container\">\n\t\t\t\t\t<div class=\"e-con-inner\">\n\t\t\t\t<div class=\"elementor-element elementor-element-f93353a elementor-widget elementor-widget-spacer\" data-id=\"f93353a\" data-element_type=\"widget\" data-e-type=\"widget\" data-widget_type=\"spacer.default\">\n\t\t\t\t<div class=\"elementor-widget-container\">\n\t\t\t\t\t\t\t<div class=\"elementor-spacer\">\n\t\t\t<div class=\"elementor-spacer-inner\"><\/div>\n\t\t<\/div>\n\t\t\t\t\t\t<\/div>\n\t\t\t\t<\/div>\n\t\t\t\t<div class=\"elementor-element elementor-element-eca7549 elementor-widget elementor-widget-text-editor\" data-id=\"eca7549\" data-element_type=\"widget\" data-e-type=\"widget\" data-widget_type=\"text-editor.default\">\n\t\t\t\t<div class=\"elementor-widget-container\">\n\t\t\t\t\t\t\t\t\t<p style=\"text-align: center;\" class=\"translation-block\">Sum\u00e9rjase en las profundidades de la innovaci\u00f3n y el lujo con nuestro <strong>Servicio de Conserjer\u00eda para la Adquisici\u00f3n de Submarinos<\/strong>. Tanto si imagina un sumergible personal de \u00faltima generaci\u00f3n como una nave de exploraci\u00f3n de mayor tama\u00f1o, le ponemos en contacto con los fabricantes y dise\u00f1adores m\u00e1s reputados del sector para crear un submarino que se adapte a sus necesidades particulares.<\/p><p style=\"text-align: center;\" class=\"translation-block\">Desde las especificaciones t\u00e9cnicas y las caracter\u00edsticas de seguridad hasta la personalizaci\u00f3n del dise\u00f1o y la entrega, nos aseguramos de que cada detalle se trate con precisi\u00f3n y cuidado. <strong>Perm\u00edtanos guiarle en la adquisici\u00f3n de un submarino que transforme la exploraci\u00f3n submarina en una aventura extraordinaria.<\/strong><\/p>\t\t\t\t\t\t\t\t<\/div>\n\t\t\t\t<\/div>\n\t\t\t\t\t<\/div>\n\t\t\t\t<\/div>\n\t\t<div class=\"elementor-element elementor-element-ac368db e-flex e-con-boxed wpr-particle-no wpr-jarallax-no wpr-parallax-no wpr-sticky-section-no wpr-equal-height-no e-con e-parent\" data-id=\"ac368db\" data-element_type=\"container\" data-e-type=\"container\">\n\t\t\t\t\t<div class=\"e-con-inner\">\n\t\t\t\t<div class=\"elementor-element elementor-element-ee3cc42 elementor-align-center popmake-3273 elementor-widget elementor-widget-button\" data-id=\"ee3cc42\" data-element_type=\"widget\" data-e-type=\"widget\" data-widget_type=\"button.default\">\n\t\t\t\t<div class=\"elementor-widget-container\">\n\t\t\t\t\t\t\t\t\t<div class=\"elementor-button-wrapper\">\n\t\t\t\t\t<a class=\"elementor-button elementor-size-sm\" role=\"button\">\n\t\t\t\t\t\t<span class=\"elementor-button-content-wrapper\">\n\t\t\t\t\t\t\t\t\t<span class=\"elementor-button-text\">Env\u00ede su consulta<\/span>\n\t\t\t\t\t<\/span>\n\t\t\t\t\t<\/a>\n\t\t\t\t<\/div>\n\t\t\t\t\t\t\t\t<\/div>\n\t\t\t\t<\/div>\n\t\t\t\t\t<\/div>\n\t\t\t\t<\/div>\n\t\t<div class=\"elementor-element elementor-element-3949753 e-flex e-con-boxed wpr-particle-no wpr-jarallax-no wpr-parallax-no wpr-sticky-section-no wpr-equal-height-no e-con e-parent\" data-id=\"3949753\" data-element_type=\"container\" data-e-type=\"container\">\n\t\t\t\t\t<div class=\"e-con-inner\">\n\t\t\t\t<div class=\"elementor-element elementor-element-d5b4fa4 elementor-widget elementor-widget-image\" data-id=\"d5b4fa4\" data-element_type=\"widget\" data-e-type=\"widget\" data-widget_type=\"image.default\">\n\t\t\t\t<div class=\"elementor-widget-container\">\n\t\t\t\t\t\t\t\t\t\t\t\t\t\t\t<img fetchpriority=\"high\" decoding=\"async\" width=\"1024\" height=\"683\" src=\"https:\/\/theglobaldreamnetwork.com\/wp-content\/uploads\/2025\/02\/pexels-jeremy-bishop-1260133-2397651-1024x683.jpg\" class=\"attachment-large size-large wp-image-3267\" alt=\"\" srcset=\"https:\/\/theglobaldreamnetwork.com\/wp-content\/uploads\/2025\/02\/pexels-jeremy-bishop-1260133-2397651-1024x683.jpg 1024w, https:\/\/theglobaldreamnetwork.com\/wp-content\/uploads\/2025\/02\/pexels-jeremy-bishop-1260133-2397651-300x200.jpg 300w, https:\/\/theglobaldreamnetwork.com\/wp-content\/uploads\/2025\/02\/pexels-jeremy-bishop-1260133-2397651-768x512.jpg 768w, https:\/\/theglobaldreamnetwork.com\/wp-content\/uploads\/2025\/02\/pexels-jeremy-bishop-1260133-2397651-1536x1025.jpg 1536w, https:\/\/theglobaldreamnetwork.com\/wp-content\/uploads\/2025\/02\/pexels-jeremy-bishop-1260133-2397651-2048x1366.jpg 2048w, https:\/\/theglobaldreamnetwork.com\/wp-content\/uploads\/2025\/02\/pexels-jeremy-bishop-1260133-2397651-18x12.jpg 18w\" sizes=\"(max-width: 1024px) 100vw, 1024px\" \/>\t\t\t\t\t\t\t\t\t\t\t\t\t\t\t<\/div>\n\t\t\t\t<\/div>\n\t\t\t\t\t<\/div>\n\t\t\t\t<\/div>\n\t\t<div class=\"elementor-element elementor-element-55a0702 e-flex e-con-boxed wpr-particle-no wpr-jarallax-no wpr-parallax-no wpr-sticky-section-no wpr-equal-height-no e-con e-parent\" data-id=\"55a0702\" data-element_type=\"container\" data-e-type=\"container\">\n\t\t\t\t\t<div class=\"e-con-inner\">\n\t\t\t\t<div class=\"elementor-element elementor-element-ce6fcd1 elementor-widget elementor-widget-spacer\" data-id=\"ce6fcd1\" data-element_type=\"widget\" data-e-type=\"widget\" data-widget_type=\"spacer.default\">\n\t\t\t\t<div class=\"elementor-widget-container\">\n\t\t\t\t\t\t\t<div class=\"elementor-spacer\">\n\t\t\t<div class=\"elementor-spacer-inner\"><\/div>\n\t\t<\/div>\n\t\t\t\t\t\t<\/div>\n\t\t\t\t<\/div>\n\t\t\t\t\t<\/div>\n\t\t\t\t<\/div>\n\t\t\t\t<\/div>","protected":false},"excerpt":{"rendered":"<p>Submarine buy Dive into the depths of innovation and luxury with our Submarine Acquisition Concierge Service. Whether you envision a state-of-the-art personal submersible or a larger exploration vessel, we connect you with the industry\u2019s most renowned manufacturers and designers to craft a submarine that suits your unique needs. From technical specifications and safety features to design customization and delivery, we ensure every detail is handled with precision and care. Let us guide you in acquiring a submarine that transforms underwater exploration into an extraordinary adventure. Send your inquiry<\/p>","protected":false},"author":2,"featured_media":0,"parent":0,"menu_order":0,"comment_status":"closed","ping_status":"closed","template":"","meta":{"site-sidebar-layout":"no-sidebar","site-content-layout":"page-builder","ast-site-content-layout":"full-width-container","site-content-style":"default","site-sidebar-style":"default","ast-global-header-display":"","ast-banner-title-visibility":"","ast-main-header-display":"","ast-hfb-above-header-display":"","ast-hfb-below-header-display":"","ast-hfb-mobile-header-display":"","site-post-title":"disabled","ast-breadcrumbs-content":"","ast-featured-img":"disabled","footer-sml-layout":"","theme-transparent-header-meta":"","adv-header-id-meta":"","stick-header-meta":"","header-above-stick-meta":"","header-main-stick-meta":"","header-below-stick-meta":"","astra-migrate-meta-layouts":"set","ast-page-background-enabled":"default","ast-page-background-meta":{"desktop":{"background-color":"","background-image":"","background-repeat":"repeat","background-position":"center center","background-size":"auto","background-attachment":"scroll","background-type":"","background-media":"","overlay-type":"","overlay-color":"","overlay-opacity":"","overlay-gradient":""},"tablet":{"background-color":"","background-image":"","background-repeat":"repeat","background-position":"center center","background-size":"auto","background-attachment":"scroll","background-type":"","background-media":"","overlay-type":"","overlay-color":"","overlay-opacity":"","overlay-gradient":""},"mobile":{"background-color":"","background-image":"","background-repeat":"repeat","background-position":"center center","background-size":"auto","background-attachment":"scroll","background-type":"","background-media":"","overlay-type":"","overlay-color":"","overlay-opacity":"","overlay-gradient":""}},"ast-content-background-meta":{"desktop":{"background-color":"var(--ast-global-color-5)","background-image":"","background-repeat":"repeat","background-position":"center center","background-size":"auto","background-attachment":"scroll","background-type":"","background-media":"","overlay-type":"","overlay-color":"","overlay-opacity":"","overlay-gradient":""},"tablet":{"background-color":"var(--ast-global-color-5)","background-image":"","background-repeat":"repeat","background-position":"center center","background-size":"auto","background-attachment":"scroll","background-type":"","background-media":"","overlay-type":"","overlay-color":"","overlay-opacity":"","overlay-gradient":""},"mobile":{"background-color":"var(--ast-global-color-5)","background-image":"","background-repeat":"repeat","background-position":"center center","background-size":"auto","background-attachment":"scroll","background-type":"","background-media":"","overlay-type":"","overlay-color":"","overlay-opacity":"","overlay-gradient":""}},"footnotes":""},"class_list":["post-3271","page","type-page","status-publish","hentry"],"aioseo_notices":[],"_links":{"self":[{"href":"https:\/\/theglobaldreamnetwork.com\/es\/wp-json\/wp\/v2\/pages\/3271","targetHints":{"allow":["GET"]}}],"collection":[{"href":"https:\/\/theglobaldreamnetwork.com\/es\/wp-json\/wp\/v2\/pages"}],"about":[{"href":"https:\/\/theglobaldreamnetwork.com\/es\/wp-json\/wp\/v2\/types\/page"}],"author":[{"embeddable":true,"href":"https:\/\/theglobaldreamnetwork.com\/es\/wp-json\/wp\/v2\/users\/2"}],"replies":[{"embeddable":true,"href":"https:\/\/theglobaldreamnetwork.com\/es\/wp-json\/wp\/v2\/comments?post=3271"}],"version-history":[{"count":13,"href":"https:\/\/theglobaldreamnetwork.com\/es\/wp-json\/wp\/v2\/pages\/3271\/revisions"}],"predecessor-version":[{"id":3642,"href":"https:\/\/theglobaldreamnetwork.com\/es\/wp-json\/wp\/v2\/pages\/3271\/revisions\/3642"}],"wp:attachment":[{"href":"https:\/\/theglobaldreamnetwork.com\/es\/wp-json\/wp\/v2\/media?parent=3271"}],"curies":[{"name":"wp","href":"https:\/\/api.w.org\/{rel}","templated":true}]}}