{"id":600,"date":"2024-08-07T01:04:49","date_gmt":"2024-08-07T01:04:49","guid":{"rendered":"https:\/\/theglobaldreamnetwork.com\/?page_id=600"},"modified":"2025-03-25T10:00:18","modified_gmt":"2025-03-25T10:00:18","slug":"impact-projects","status":"publish","type":"page","link":"https:\/\/theglobaldreamnetwork.com\/es\/impact-projects\/","title":{"rendered":"Proyectos de impacto"},"content":{"rendered":"<div data-elementor-type=\"wp-page\" data-elementor-id=\"600\" class=\"elementor elementor-600\">\n\t\t\t\t\t\t<section class=\"elementor-section elementor-top-section elementor-element elementor-element-7d00beb20 elementor-section-stretched elementor-section-boxed elementor-section-height-default elementor-section-height-default wpr-particle-no wpr-jarallax-no wpr-parallax-no wpr-sticky-section-no wpr-equal-height-no\" data-id=\"7d00beb20\" data-element_type=\"section\" data-e-type=\"section\" data-settings=\"{&quot;background_background&quot;:&quot;classic&quot;,&quot;stretch_section&quot;:&quot;section-stretched&quot;}\">\n\t\t\t\t\t\t\t<div class=\"elementor-background-overlay\"><\/div>\n\t\t\t\t\t\t\t<div class=\"elementor-container elementor-column-gap-default\">\n\t\t\t\t\t<div class=\"elementor-column elementor-col-100 elementor-top-column elementor-element elementor-element-21dd013e\" data-id=\"21dd013e\" data-element_type=\"column\" data-e-type=\"column\">\n\t\t\t<div class=\"elementor-widget-wrap elementor-element-populated\">\n\t\t\t\t\t\t<div class=\"elementor-element elementor-element-6ff03b63 elementor-widget elementor-widget-heading\" data-id=\"6ff03b63\" data-element_type=\"widget\" data-e-type=\"widget\" data-widget_type=\"heading.default\">\n\t\t\t\t<div class=\"elementor-widget-container\">\n\t\t\t\t\t<h2 class=\"elementor-heading-title elementor-size-default\">PROYECTOS DE IMPACTO<\/h2>\t\t\t\t<\/div>\n\t\t\t\t<\/div>\n\t\t\t\t\t<\/div>\n\t\t<\/div>\n\t\t\t\t\t<\/div>\n\t\t<\/section>\n\t\t<div class=\"elementor-element elementor-element-dccac4c e-flex e-con-boxed wpr-particle-no wpr-jarallax-no wpr-parallax-no wpr-sticky-section-no wpr-equal-height-no e-con e-parent\" data-id=\"dccac4c\" data-element_type=\"container\" data-e-type=\"container\">\n\t\t\t\t\t<div class=\"e-con-inner\">\n\t\t\t\t<div class=\"elementor-element elementor-element-9cb46e5 elementor-widget elementor-widget-spacer\" data-id=\"9cb46e5\" data-element_type=\"widget\" data-e-type=\"widget\" data-widget_type=\"spacer.default\">\n\t\t\t\t<div class=\"elementor-widget-container\">\n\t\t\t\t\t\t\t<div class=\"elementor-spacer\">\n\t\t\t<div class=\"elementor-spacer-inner\"><\/div>\n\t\t<\/div>\n\t\t\t\t\t\t<\/div>\n\t\t\t\t<\/div>\n\t\t\t\t\t<\/div>\n\t\t\t\t<\/div>\n\t\t<div class=\"elementor-element elementor-element-7805fbe e-flex e-con-boxed wpr-particle-no wpr-jarallax-no wpr-parallax-no wpr-sticky-section-no wpr-equal-height-no e-con e-parent\" data-id=\"7805fbe\" data-element_type=\"container\" data-e-type=\"container\">\n\t\t\t\t\t<div class=\"e-con-inner\">\n\t\t<div class=\"elementor-element elementor-element-d3f8054 e-con-full e-flex wpr-particle-no wpr-jarallax-no wpr-parallax-no wpr-sticky-section-no wpr-equal-height-no e-con e-child\" data-id=\"d3f8054\" data-element_type=\"container\" data-e-type=\"container\">\n\t\t\t\t<\/div>\n\t\t<div class=\"elementor-element elementor-element-04d70ec e-con-full e-flex wpr-particle-no wpr-jarallax-no wpr-parallax-no wpr-sticky-section-no wpr-equal-height-no e-con e-child\" data-id=\"04d70ec\" data-element_type=\"container\" data-e-type=\"container\">\n\t\t\t\t<div class=\"elementor-element elementor-element-df5a3ee elementor-widget elementor-widget-heading\" data-id=\"df5a3ee\" data-element_type=\"widget\" data-e-type=\"widget\" data-widget_type=\"heading.default\">\n\t\t\t\t<div class=\"elementor-widget-container\">\n\t\t\t\t\t<h2 class=\"elementor-heading-title elementor-size-default\">Transforma el mundo apoyando proyectos que tengan un impacto positivo.<\/h2>\t\t\t\t<\/div>\n\t\t\t\t<\/div>\n\t\t\t\t<div class=\"elementor-element elementor-element-d9b6ee8 elementor-widget elementor-widget-text-editor\" data-id=\"d9b6ee8\" data-element_type=\"widget\" data-e-type=\"widget\" data-widget_type=\"text-editor.default\">\n\t\t\t\t<div class=\"elementor-widget-container\">\n\t\t\t\t\t\t\t\t\t<p>At <strong>Global Dream Network<\/strong>, we are <strong>redefining how positive impact projects are funded<\/strong> by seamlessly integrating them into <strong>everyday transactions.<\/strong><br \/>Whenever a client <strong>acquires a product or service<\/strong> through us, they generate a <strong>net profit<\/strong> that is directly <strong>reinvested into meaningful causes<\/strong>. Here\u2019s how it works:<br \/>\ud83d\udd39 <strong>50% of the net profit goes to a positive impact project of the client\u2019s choice<\/strong><span style=\"font-size: 16px;\">\u2014whether <strong>environmental, social, or humanitarian.<\/strong><\/span><\/p><p>\ud83d\udd39 The remaining <strong>50% is allocated to internal initiatives and close collaborations<\/strong> through the <strong>Global Dream Network Foundation,<\/strong> strategically funding <strong>high-impact projects dedicated to restoring and protecting nature.<\/strong><br \/>This<strong> innovative approach<\/strong> transforms the way individuals and organizations<strong> interact with impact-driven initiatives.<\/strong> By<strong> connecting the act of consuming<\/strong> with the <strong>natural desire to contribute to a better world,<\/strong> we create a model where <strong>every purchase has a purpose beyond personal satisfaction.<\/strong><br \/><strong>Join us in revolutionizing the way positive impact projects are supported\u2014where every purchase becomes an opportunity to transform lives and protect our planet.<\/strong><\/p>\t\t\t\t\t\t\t\t<\/div>\n\t\t\t\t<\/div>\n\t\t\t\t<div class=\"elementor-element elementor-element-d84d477 elementor-widget elementor-widget-spacer\" data-id=\"d84d477\" data-element_type=\"widget\" data-e-type=\"widget\" data-widget_type=\"spacer.default\">\n\t\t\t\t<div class=\"elementor-widget-container\">\n\t\t\t\t\t\t\t<div class=\"elementor-spacer\">\n\t\t\t<div class=\"elementor-spacer-inner\"><\/div>\n\t\t<\/div>\n\t\t\t\t\t\t<\/div>\n\t\t\t\t<\/div>\n\t\t\t\t<\/div>\n\t\t<div class=\"elementor-element elementor-element-d9319d2 e-con-full e-flex wpr-particle-no wpr-jarallax-no wpr-parallax-no wpr-sticky-section-no wpr-equal-height-no e-con e-child\" data-id=\"d9319d2\" data-element_type=\"container\" data-e-type=\"container\">\n\t\t\t\t<\/div>\n\t\t\t\t\t<\/div>\n\t\t\t\t<\/div>\n\t\t<div class=\"elementor-element elementor-element-8e5227d e-flex e-con-boxed wpr-particle-no wpr-jarallax-no wpr-parallax-no wpr-sticky-section-no wpr-equal-height-no e-con e-parent\" data-id=\"8e5227d\" data-element_type=\"container\" data-e-type=\"container\">\n\t\t\t\t\t<div class=\"e-con-inner\">\n\t\t\t\t<div class=\"elementor-element elementor-element-33856de elementor-widget elementor-widget-heading\" data-id=\"33856de\" data-element_type=\"widget\" data-e-type=\"widget\" data-widget_type=\"heading.default\">\n\t\t\t\t<div class=\"elementor-widget-container\">\n\t\t\t\t\t<h2 class=\"elementor-heading-title elementor-size-default\">PROYECTOS<\/h2>\t\t\t\t<\/div>\n\t\t\t\t<\/div>\n\t\t\t\t<div class=\"elementor-element elementor-element-0210ba8 elementor-widget elementor-widget-heading\" data-id=\"0210ba8\" data-element_type=\"widget\" data-e-type=\"widget\" data-widget_type=\"heading.default\">\n\t\t\t\t<div class=\"elementor-widget-container\">\n\t\t\t\t\t<h2 class=\"elementor-heading-title elementor-size-default\">PROYECTOS DE IMPACTO<\/h2>\t\t\t\t<\/div>\n\t\t\t\t<\/div>\n\t\t\t\t\t<\/div>\n\t\t\t\t<\/div>\n\t\t<div class=\"elementor-element elementor-element-028503a e-grid e-con-boxed wpr-particle-no wpr-jarallax-no wpr-parallax-no wpr-sticky-section-no wpr-equal-height-no e-con e-parent\" data-id=\"028503a\" data-element_type=\"container\" data-e-type=\"container\">\n\t\t\t\t\t<div class=\"e-con-inner\">\n\t\t\t\t<div class=\"elementor-element elementor-element-d01e656 wpr-promo-box-style-cover elementor-invisible elementor-widget elementor-widget-wpr-promo-box\" data-id=\"d01e656\" data-element_type=\"widget\" data-e-type=\"widget\" data-settings=\"{&quot;_animation&quot;:&quot;slideInUp&quot;}\" data-widget_type=\"wpr-promo-box.default\">\n\t\t\t\t<div class=\"elementor-widget-container\">\n\t\t\t\t\t\n\t\t<div class=\"wpr-promo-box wpr-animation-wrap\">\n\n\t\t\t\t\t\t\t\n\t\t\t\t\t\t\t<div class=\"wpr-promo-box-image\">\n\t\t\t\t\t<div class=\"wpr-promo-box-bg-image wpr-bg-anim-zoom-in wpr-anim-timing-ease-default\" style=\"background-image:url(https:\/\/theglobaldreamnetwork.com\/wp-content\/uploads\/2024\/09\/IMG_2365.jpg);\"><\/div>\n\t\t\t\t\t<div class=\"wpr-promo-box-bg-overlay wpr-border-anim-oscar\"><\/div>\n\t\t\t\t<\/div>\n\t\t\t\t\t\t\n\t\t\t<div class=\"wpr-promo-box-content\">\n\n\t\t\t\t\t\t\t\t<div class=\"wpr-promo-box-icon\">\n\t\t\t\t\t\t\t\t\t<\/div>\n\t\t\t\t\n\t\t\t\t<h3 class=\"wpr-promo-box-title\"><span>Amus<\/span><\/h3>\n\t\t\t\t\t\t\t\t\t<div class=\"wpr-promo-box-description\">\n\t\t\t\t\t\t<p><p>La Asociaci\u00f3n para la Conservaci\u00f3n de la Naturaleza (AMUS) se dedica a la protecci\u00f3n y recuperaci\u00f3n de la fauna salvaje en Espa\u00f1a. Su labor incluye el rescate y rehabilitaci\u00f3n de especies amenazadas, as\u00ed como la educaci\u00f3n ambiental para concienciar a la poblaci\u00f3n de la importancia de la biodiversidad.<\/p><\/p>\t\n\t\t\t\t\t<\/div>\t\t\t\t\t\t\n\t\t\t\t\n\t\t\t\t\t\t\t<\/div>\n\n\t\t\t\t\t<\/div>\n\n\t\t\t\t\t\t<\/div>\n\t\t\t\t<\/div>\n\t\t\t\t<div class=\"elementor-element elementor-element-d962f3f wpr-promo-box-style-cover elementor-invisible elementor-widget elementor-widget-wpr-promo-box\" data-id=\"d962f3f\" data-element_type=\"widget\" data-e-type=\"widget\" data-settings=\"{&quot;_animation&quot;:&quot;slideInUp&quot;}\" data-widget_type=\"wpr-promo-box.default\">\n\t\t\t\t<div class=\"elementor-widget-container\">\n\t\t\t\t\t\n\t\t<div class=\"wpr-promo-box wpr-animation-wrap\">\n\n\t\t\t\t\t\t\t\n\t\t\t\t\t\t\t<div class=\"wpr-promo-box-image\">\n\t\t\t\t\t<div class=\"wpr-promo-box-bg-image wpr-bg-anim-zoom-in wpr-anim-timing-ease-default\" style=\"background-image:url(https:\/\/theglobaldreamnetwork.com\/wp-content\/uploads\/2024\/09\/IMG_2366.jpg);\"><\/div>\n\t\t\t\t\t<div class=\"wpr-promo-box-bg-overlay wpr-border-anim-oscar\"><\/div>\n\t\t\t\t<\/div>\n\t\t\t\t\t\t\n\t\t\t<div class=\"wpr-promo-box-content\">\n\n\t\t\t\t\t\t\t\t<div class=\"wpr-promo-box-icon\">\n\t\t\t\t\t\t\t\t\t<\/div>\n\t\t\t\t\n\t\t\t\t<h3 class=\"wpr-promo-box-title\"><span>Hiu project<\/span><\/h3>\n\t\t\t\t\t\t\t\t\t<div class=\"wpr-promo-box-description\">\n\t\t\t\t\t\t<p><p>Este proyecto trabaja por la conservaci\u00f3n de los tiburones en Bali, concienciando sobre la importancia de proteger estas especies marinas y su papel crucial en los ecosistemas oce\u00e1nicos. El proyecto HIU combina educaci\u00f3n, investigaci\u00f3n y acci\u00f3n comunitaria para reducir la caza furtiva y promover la protecci\u00f3n de los tiburones.<\/p><\/p>\t\n\t\t\t\t\t<\/div>\t\t\t\t\t\t\n\t\t\t\t\n\t\t\t\t\t\t\t<\/div>\n\n\t\t\t\t\t<\/div>\n\n\t\t\t\t\t\t<\/div>\n\t\t\t\t<\/div>\n\t\t\t\t<div class=\"elementor-element elementor-element-8bac894 wpr-promo-box-style-cover elementor-invisible elementor-widget elementor-widget-wpr-promo-box\" data-id=\"8bac894\" data-element_type=\"widget\" data-e-type=\"widget\" data-settings=\"{&quot;_animation&quot;:&quot;slideInUp&quot;}\" data-widget_type=\"wpr-promo-box.default\">\n\t\t\t\t<div class=\"elementor-widget-container\">\n\t\t\t\t\t\n\t\t<div class=\"wpr-promo-box wpr-animation-wrap\">\n\n\t\t\t\t\t\t\t\n\t\t\t\t\t\t\t<div class=\"wpr-promo-box-image\">\n\t\t\t\t\t<div class=\"wpr-promo-box-bg-image wpr-bg-anim-zoom-in wpr-anim-timing-ease-default\" style=\"background-image:url(https:\/\/theglobaldreamnetwork.com\/wp-content\/uploads\/2024\/09\/IMG_2367.jpg);\"><\/div>\n\t\t\t\t\t<div class=\"wpr-promo-box-bg-overlay wpr-border-anim-oscar\"><\/div>\n\t\t\t\t<\/div>\n\t\t\t\t\t\t\n\t\t\t<div class=\"wpr-promo-box-content\">\n\n\t\t\t\t\t\t\t\t<div class=\"wpr-promo-box-icon\">\n\t\t\t\t\t\t\t\t\t<\/div>\n\t\t\t\t\n\t\t\t\t<h3 class=\"wpr-promo-box-title\"><span>Rewilding Europe<\/span><\/h3>\n\t\t\t\t\t\t\t\t\t<div class=\"wpr-promo-box-description\">\n\t\t\t\t\t\t<p><p>Este proyecto pretende restaurar los ecosistemas europeos mediante la reintroducci\u00f3n de especies clave y la regeneraci\u00f3n de paisajes naturales. Rewilding Europe fomenta la coexistencia entre el ser humano y la vida salvaje, promoviendo el turismo sostenible y la conservaci\u00f3n de la biodiversidad<span class=\"whitespace-nowrap text-token-text-secondary dark:text-token-text-tertiary\">.<\/span><\/p><div class=\"inline-flex max-w-full\">\u00a0<\/div><\/p>\t\n\t\t\t\t\t<\/div>\t\t\t\t\t\t\n\t\t\t\t\n\t\t\t\t\t\t\t<\/div>\n\n\t\t\t\t\t<\/div>\n\n\t\t\t\t\t\t<\/div>\n\t\t\t\t<\/div>\n\t\t\t\t<div class=\"elementor-element elementor-element-38644b4 wpr-promo-box-style-cover elementor-invisible elementor-widget elementor-widget-wpr-promo-box\" data-id=\"38644b4\" data-element_type=\"widget\" data-e-type=\"widget\" data-settings=\"{&quot;_animation&quot;:&quot;slideInUp&quot;}\" data-widget_type=\"wpr-promo-box.default\">\n\t\t\t\t<div class=\"elementor-widget-container\">\n\t\t\t\t\t\n\t\t<div class=\"wpr-promo-box wpr-animation-wrap\">\n\n\t\t\t\t\t\t\t\n\t\t\t\t\t\t\t<div class=\"wpr-promo-box-image\">\n\t\t\t\t\t<div class=\"wpr-promo-box-bg-image wpr-bg-anim-zoom-in wpr-anim-timing-ease-default\" style=\"background-image:url(https:\/\/theglobaldreamnetwork.com\/wp-content\/uploads\/2024\/09\/73046.jpg);\"><\/div>\n\t\t\t\t\t<div class=\"wpr-promo-box-bg-overlay wpr-border-anim-oscar\"><\/div>\n\t\t\t\t<\/div>\n\t\t\t\t\t\t\n\t\t\t<div class=\"wpr-promo-box-content\">\n\n\t\t\t\t\t\t\t\t<div class=\"wpr-promo-box-icon\">\n\t\t\t\t\t\t\t\t\t<\/div>\n\t\t\t\t\n\t\t\t\t<h3 class=\"wpr-promo-box-title\"><span>Coral Gardeners<\/span><\/h3>\n\t\t\t\t\t\t\t\t\t<div class=\"wpr-promo-box-description\">\n\t\t\t\t\t\t<p><p>Movimiento mundial de restauraci\u00f3n de arrecifes de coral con sede en la Polinesia Francesa. Coral Gardeners trabaja para regenerar los corales da\u00f1ados, plantando fragmentos de coral resistentes y colaborando con las comunidades locales para restaurar y proteger los arrecifes amenazados.<\/p><\/p>\t\n\t\t\t\t\t<\/div>\t\t\t\t\t\t\n\t\t\t\t\n\t\t\t\t\t\t\t<\/div>\n\n\t\t\t\t\t<\/div>\n\n\t\t\t\t\t\t<\/div>\n\t\t\t\t<\/div>\n\t\t\t\t\t<\/div>\n\t\t\t\t<\/div>\n\t\t\t\t<\/div>","protected":false},"excerpt":{"rendered":"<p>IMPACT PROJECTS Transform the world by supporting projects that make a positive impact. At Global Dream Network, we are redefining how positive impact projects are funded by seamlessly integrating them into everyday transactions.Whenever a client acquires a product or service through us, they generate a net profit that is directly reinvested into meaningful causes. Here\u2019s how it works:\ud83d\udd39 50% of the net profit goes to a positive impact project of the client\u2019s choice\u2014whether environmental, social, or humanitarian. \ud83d\udd39 The remaining 50% is allocated to internal initiatives and close collaborations through the Global Dream Network Foundation, strategically funding high-impact projects dedicated to restoring and protecting nature.This innovative approach transforms the way individuals and organizations interact with impact-driven initiatives. By connecting the act of consuming with the natural desire to contribute to a better world, we create a model where every purchase has a purpose beyond personal satisfaction.Join us in revolutionizing the way positive impact projects are supported\u2014where every purchase becomes an opportunity to transform lives and protect our planet. PROJECTS IMPACT PROJECTS Amus The Association for the Conservation of Nature (AMUS) is dedicated to the protection and recovery of wildlife in Spain. Its work includes the rescue and rehabilitation of endangered species, as well as environmental education to raise public awareness of the importance of biodiversity. Hiu project This project works for the conservation of sharks in Bali, raising awareness about the importance of protecting these marine species and their crucial role in ocean ecosystems. HIU Project combines education, research and community action to reduce poaching and promote shark protection. Rewilding Europe This project seeks to restore European ecosystems through the reintroduction of key species and the regeneration of natural landscapes. Rewilding Europe promotes coexistence between humans and wildlife, promoting sustainable tourism and the conservation of biodiversity. \u00a0 Coral Gardeners A global coral reef restoration movement based in French Polynesia. Coral Gardeners works to regenerate damaged corals, planting resilient coral fragments and collaborating with local communities to restore and protect endangered reefs.<\/p>","protected":false},"author":2,"featured_media":0,"parent":0,"menu_order":0,"comment_status":"closed","ping_status":"closed","template":"","meta":{"site-sidebar-layout":"default","site-content-layout":"","ast-site-content-layout":"default","site-content-style":"default","site-sidebar-style":"default","ast-global-header-display":"","ast-banner-title-visibility":"","ast-main-header-display":"","ast-hfb-above-header-display":"","ast-hfb-below-header-display":"","ast-hfb-mobile-header-display":"","site-post-title":"disabled","ast-breadcrumbs-content":"","ast-featured-img":"","footer-sml-layout":"","theme-transparent-header-meta":"","adv-header-id-meta":"","stick-header-meta":"","header-above-stick-meta":"","header-main-stick-meta":"","header-below-stick-meta":"","astra-migrate-meta-layouts":"set","ast-page-background-enabled":"default","ast-page-background-meta":{"desktop":{"background-color":"","background-image":"","background-repeat":"repeat","background-position":"center center","background-size":"auto","background-attachment":"scroll","background-type":"","background-media":"","overlay-type":"","overlay-color":"","overlay-opacity":"","overlay-gradient":""},"tablet":{"background-color":"","background-image":"","background-repeat":"repeat","background-position":"center center","background-size":"auto","background-attachment":"scroll","background-type":"","background-media":"","overlay-type":"","overlay-color":"","overlay-opacity":"","overlay-gradient":""},"mobile":{"background-color":"","background-image":"","background-repeat":"repeat","background-position":"center center","background-size":"auto","background-attachment":"scroll","background-type":"","background-media":"","overlay-type":"","overlay-color":"","overlay-opacity":"","overlay-gradient":""}},"ast-content-background-meta":{"desktop":{"background-color":"var(--ast-global-color-5)","background-image":"","background-repeat":"repeat","background-position":"center center","background-size":"auto","background-attachment":"scroll","background-type":"","background-media":"","overlay-type":"","overlay-color":"","overlay-opacity":"","overlay-gradient":""},"tablet":{"background-color":"var(--ast-global-color-5)","background-image":"","background-repeat":"repeat","background-position":"center center","background-size":"auto","background-attachment":"scroll","background-type":"","background-media":"","overlay-type":"","overlay-color":"","overlay-opacity":"","overlay-gradient":""},"mobile":{"background-color":"var(--ast-global-color-5)","background-image":"","background-repeat":"repeat","background-position":"center center","background-size":"auto","background-attachment":"scroll","background-type":"","background-media":"","overlay-type":"","overlay-color":"","overlay-opacity":"","overlay-gradient":""}},"footnotes":""},"class_list":["post-600","page","type-page","status-publish","hentry"],"aioseo_notices":[],"_links":{"self":[{"href":"https:\/\/theglobaldreamnetwork.com\/es\/wp-json\/wp\/v2\/pages\/600","targetHints":{"allow":["GET"]}}],"collection":[{"href":"https:\/\/theglobaldreamnetwork.com\/es\/wp-json\/wp\/v2\/pages"}],"about":[{"href":"https:\/\/theglobaldreamnetwork.com\/es\/wp-json\/wp\/v2\/types\/page"}],"author":[{"embeddable":true,"href":"https:\/\/theglobaldreamnetwork.com\/es\/wp-json\/wp\/v2\/users\/2"}],"replies":[{"embeddable":true,"href":"https:\/\/theglobaldreamnetwork.com\/es\/wp-json\/wp\/v2\/comments?post=600"}],"version-history":[{"count":90,"href":"https:\/\/theglobaldreamnetwork.com\/es\/wp-json\/wp\/v2\/pages\/600\/revisions"}],"predecessor-version":[{"id":3613,"href":"https:\/\/theglobaldreamnetwork.com\/es\/wp-json\/wp\/v2\/pages\/600\/revisions\/3613"}],"wp:attachment":[{"href":"https:\/\/theglobaldreamnetwork.com\/es\/wp-json\/wp\/v2\/media?parent=600"}],"curies":[{"name":"wp","href":"https:\/\/api.w.org\/{rel}","templated":true}]}}