{"id":604,"date":"2024-08-07T01:06:11","date_gmt":"2024-08-07T01:06:11","guid":{"rendered":"https:\/\/theglobaldreamnetwork.com\/?page_id=604"},"modified":"2025-03-31T04:02:34","modified_gmt":"2025-03-31T04:02:34","slug":"how-it-works","status":"publish","type":"page","link":"https:\/\/theglobaldreamnetwork.com\/es\/how-it-works\/","title":{"rendered":"Como funciona"},"content":{"rendered":"<div data-elementor-type=\"wp-page\" data-elementor-id=\"604\" class=\"elementor elementor-604\">\n\t\t\t\t\t\t<section class=\"elementor-section elementor-top-section elementor-element elementor-element-7b865a0a0 elementor-section-boxed elementor-section-height-default elementor-section-height-default wpr-particle-no wpr-jarallax-no wpr-parallax-no wpr-sticky-section-no wpr-equal-height-no\" data-id=\"7b865a0a0\" data-element_type=\"section\" data-e-type=\"section\">\n\t\t\t\t\t\t<div class=\"elementor-container elementor-column-gap-default\">\n\t\t\t\t\t<div class=\"elementor-column elementor-col-100 elementor-top-column elementor-element elementor-element-65da5b2a\" data-id=\"65da5b2a\" data-element_type=\"column\" data-e-type=\"column\">\n\t\t\t<div class=\"elementor-widget-wrap elementor-element-populated\">\n\t\t\t\t\t\t<div class=\"elementor-element elementor-element-339f93b8 elementor-widget elementor-widget-spacer\" data-id=\"339f93b8\" data-element_type=\"widget\" data-e-type=\"widget\" data-widget_type=\"spacer.default\">\n\t\t\t\t<div class=\"elementor-widget-container\">\n\t\t\t\t\t\t\t<div class=\"elementor-spacer\">\n\t\t\t<div class=\"elementor-spacer-inner\"><\/div>\n\t\t<\/div>\n\t\t\t\t\t\t<\/div>\n\t\t\t\t<\/div>\n\t\t\t\t\t<\/div>\n\t\t<\/div>\n\t\t\t\t\t<\/div>\n\t\t<\/section>\n\t\t\t\t<section class=\"elementor-section elementor-top-section elementor-element elementor-element-deee1fd0 elementor-section-stretched elementor-section-boxed elementor-section-height-default elementor-section-height-default wpr-particle-no wpr-jarallax-no wpr-parallax-no wpr-sticky-section-no wpr-equal-height-no\" data-id=\"deee1fd0\" data-element_type=\"section\" data-e-type=\"section\" data-settings=\"{&quot;background_background&quot;:&quot;classic&quot;,&quot;stretch_section&quot;:&quot;section-stretched&quot;}\">\n\t\t\t\t\t\t\t<div class=\"elementor-background-overlay\"><\/div>\n\t\t\t\t\t\t\t<div class=\"elementor-container elementor-column-gap-default\">\n\t\t\t\t\t<div class=\"elementor-column elementor-col-100 elementor-top-column elementor-element elementor-element-3d3d826b\" data-id=\"3d3d826b\" data-element_type=\"column\" data-e-type=\"column\">\n\t\t\t<div class=\"elementor-widget-wrap elementor-element-populated\">\n\t\t\t\t\t\t<div class=\"elementor-element elementor-element-28c54bfe elementor-widget elementor-widget-heading\" data-id=\"28c54bfe\" data-element_type=\"widget\" data-e-type=\"widget\" data-widget_type=\"heading.default\">\n\t\t\t\t<div class=\"elementor-widget-container\">\n\t\t\t\t\t<h2 class=\"elementor-heading-title elementor-size-default\">como funciona<\/h2>\t\t\t\t<\/div>\n\t\t\t\t<\/div>\n\t\t\t\t\t<\/div>\n\t\t<\/div>\n\t\t\t\t\t<\/div>\n\t\t<\/section>\n\t\t\t\t<section class=\"elementor-section elementor-top-section elementor-element elementor-element-16910c0c elementor-section-stretched elementor-section-boxed elementor-section-height-default elementor-section-height-default wpr-particle-no wpr-jarallax-no wpr-parallax-no wpr-sticky-section-no wpr-equal-height-no\" data-id=\"16910c0c\" data-element_type=\"section\" data-e-type=\"section\" data-settings=\"{&quot;stretch_section&quot;:&quot;section-stretched&quot;}\">\n\t\t\t\t\t\t<div class=\"elementor-container elementor-column-gap-default\">\n\t\t\t\t\t<div class=\"elementor-column elementor-col-100 elementor-top-column elementor-element elementor-element-2d8cb022\" data-id=\"2d8cb022\" data-element_type=\"column\" data-e-type=\"column\">\n\t\t\t<div class=\"elementor-widget-wrap elementor-element-populated\">\n\t\t\t\t\t\t<div class=\"elementor-element elementor-element-2e59901 wpr-list-style-none elementor-widget elementor-widget-wpr-posts-timeline\" data-id=\"2e59901\" data-element_type=\"widget\" data-e-type=\"widget\" data-settings=\"{&quot;animation_offset&quot;:150,&quot;aos_animation_duration&quot;:600}\" data-widget_type=\"wpr-posts-timeline.default\">\n\t\t\t\t<div class=\"elementor-widget-container\">\n\t\t\t\t\t\n\t\t<div class=\"wpr-wrapper wpr-vertical wpr-centered\">\n\t\t\t<div class=\"wpr-timeline-centered wpr-line wpr-both-sided-timeline\"><div class=\"wpr-middle-line\"><\/div><article class=\"wpr-timeline-entry wpr-left-aligned elementor-repeater-item-f94da51\" data-item-id=\"elementor-repeater-item-f94da51\"><time class=\"wpr-extra-label\" data-aos=\"slide-up\" data-aos-left=\"\" data-aos-right=\"\" data-animation-offset=\"150\" data-animation-duration=\"600\"><span class=\"wpr-label\">Discover Unique Experiences<\/span><\/time><div class=\"wpr-timeline-entry-inner\"><div class=\"wpr-main-line-icon wpr-icon\"><svg aria-hidden=\"true\" class=\"e-font-icon-svg e-fas-search\" viewbox=\"0 0 512 512\" xmlns=\"http:\/\/www.w3.org\/2000\/svg\"><path d=\"M505 442.7L405.3 343c-4.5-4.5-10.6-7-17-7H372c27.6-35.3 44-79.7 44-128C416 93.1 322.9 0 208 0S0 93.1 0 208s93.1 208 208 208c48.3 0 92.7-16.4 128-44v16.3c0 6.4 2.5 12.5 7 17l99.7 99.7c9.4 9.4 24.6 9.4 33.9 0l28.3-28.3c9.4-9.4 9.4-24.6.1-34zM208 336c-70.7 0-128-57.2-128-128 0-70.7 57.2-128 128-128 70.7 0 128 57.2 128 128 0 70.7-57.2 128-128 128z\"><\/path><\/svg><\/div><div class=\"wpr-story-info-vertical wpr-data-wrap\"  data-aos=\"slide-up\" data-aos-left=\"\" data-aos-right=\"\" data-animation-offset=\"150\" data-animation-duration=\"600\"><div class=\"wpr-animation-wrap wpr-timeline-media\"><img fetchpriority=\"high\" decoding=\"async\" width=\"1920\" height=\"2560\" src=\"https:\/\/theglobaldreamnetwork.com\/wp-content\/uploads\/2024\/09\/IMG-20240827-WA0031-scaled.jpg\" class=\"attachment-full size-full\" alt=\"\" srcset=\"https:\/\/theglobaldreamnetwork.com\/wp-content\/uploads\/2024\/09\/IMG-20240827-WA0031-scaled.jpg 1920w, https:\/\/theglobaldreamnetwork.com\/wp-content\/uploads\/2024\/09\/IMG-20240827-WA0031-225x300.jpg 225w, https:\/\/theglobaldreamnetwork.com\/wp-content\/uploads\/2024\/09\/IMG-20240827-WA0031-768x1024.jpg 768w, https:\/\/theglobaldreamnetwork.com\/wp-content\/uploads\/2024\/09\/IMG-20240827-WA0031-1152x1536.jpg 1152w, https:\/\/theglobaldreamnetwork.com\/wp-content\/uploads\/2024\/09\/IMG-20240827-WA0031-1536x2048.jpg 1536w, https:\/\/theglobaldreamnetwork.com\/wp-content\/uploads\/2024\/09\/IMG-20240827-WA0031-9x12.jpg 9w\" sizes=\"(max-width: 1920px) 100vw, 1920px\" \/><div class=\"wpr-timeline-story-overlay  wpr-overlay-fade-out wpr-anim-size-large wpr-anim-timing-ease-default wpr-anim-transparency\"><div class=\"wpr-description\"><p style=\"text-align: center\">Descubra un mundo de oportunidades exclusivas con los servicios de Concierge Services a medida con Global Dream Network. Desde yates de lujo a veh\u00edculos de alta gama, aviaci\u00f3n privada, bienes inmuebles, experiencias extraordinarias y gesti\u00f3n de patrimonios, le guiamos a trav\u00e9s de transacciones sin fisuras mientras canalizamos el 100% de los beneficios hacia proyectos de impacto positivo. Nuestros dedicados agentes garantizan que sus necesidades se satisfagan con experiencia, discreci\u00f3n y un prop\u00f3sito filantr\u00f3pico que mejora cada adquisici\u00f3n o servicio.<\/p><\/div><\/div><\/div><div class=\"wpr-content-wrapper\"><\/div><\/div>\n\t\t\t\t\t\t<\/div>\n\t\t\t\t<\/article><article class=\"wpr-timeline-entry wpr-right-aligned elementor-repeater-item-2a37755\" data-item-id=\"elementor-repeater-item-2a37755\"><time class=\"wpr-extra-label\" data-aos=\"slide-up\" data-aos-left=\"\" data-aos-right=\"\" data-animation-offset=\"150\" data-animation-duration=\"600\"><span class=\"wpr-label\">Contribute to Projects that Change the World<\/span><\/time><div class=\"wpr-timeline-entry-inner\"><div class=\"wpr-main-line-icon wpr-icon\"><svg aria-hidden=\"true\" class=\"e-font-icon-svg e-fas-dove\" viewbox=\"0 0 512 512\" xmlns=\"http:\/\/www.w3.org\/2000\/svg\"><path d=\"M288 167.2v-28.1c-28.2-36.3-47.1-79.3-54.1-125.2-2.1-13.5-19-18.8-27.8-8.3-21.1 24.9-37.7 54.1-48.9 86.5 34.2 38.3 80 64.6 130.8 75.1zM400 64c-44.2 0-80 35.9-80 80.1v59.4C215.6 197.3 127 133 87 41.8c-5.5-12.5-23.2-13.2-29-.9C41.4 76 32 115.2 32 156.6c0 70.8 34.1 136.9 85.1 185.9 13.2 12.7 26.1 23.2 38.9 32.8l-143.9 36C1.4 414-3.4 426.4 2.6 435.7 20 462.6 63 508.2 155.8 512c8 .3 16-2.6 22.1-7.9l65.2-56.1H320c88.4 0 160-71.5 160-159.9V128l32-64H400zm0 96.1c-8.8 0-16-7.2-16-16s7.2-16 16-16 16 7.2 16 16-7.2 16-16 16z\"><\/path><\/svg><\/div><div class=\"wpr-story-info-vertical wpr-data-wrap\"  data-aos=\"slide-up\" data-aos-left=\"\" data-aos-right=\"\" data-animation-offset=\"150\" data-animation-duration=\"600\"><div class=\"wpr-animation-wrap wpr-timeline-media\"><img decoding=\"async\" width=\"1707\" height=\"2560\" src=\"https:\/\/theglobaldreamnetwork.com\/wp-content\/uploads\/2024\/09\/pexels-joshuaabner-16149908-scaled.jpg\" class=\"attachment-full size-full\" alt=\"\" srcset=\"https:\/\/theglobaldreamnetwork.com\/wp-content\/uploads\/2024\/09\/pexels-joshuaabner-16149908-scaled.jpg 1707w, https:\/\/theglobaldreamnetwork.com\/wp-content\/uploads\/2024\/09\/pexels-joshuaabner-16149908-200x300.jpg 200w, https:\/\/theglobaldreamnetwork.com\/wp-content\/uploads\/2024\/09\/pexels-joshuaabner-16149908-683x1024.jpg 683w, https:\/\/theglobaldreamnetwork.com\/wp-content\/uploads\/2024\/09\/pexels-joshuaabner-16149908-768x1152.jpg 768w, https:\/\/theglobaldreamnetwork.com\/wp-content\/uploads\/2024\/09\/pexels-joshuaabner-16149908-1024x1536.jpg 1024w, https:\/\/theglobaldreamnetwork.com\/wp-content\/uploads\/2024\/09\/pexels-joshuaabner-16149908-1365x2048.jpg 1365w, https:\/\/theglobaldreamnetwork.com\/wp-content\/uploads\/2024\/09\/pexels-joshuaabner-16149908-8x12.jpg 8w\" sizes=\"(max-width: 1707px) 100vw, 1707px\" \/><div class=\"wpr-timeline-story-overlay  wpr-overlay-fade-out wpr-anim-size-large wpr-anim-timing-ease-default wpr-anim-transparency\"><div class=\"wpr-description\"><p style=\"text-align: center\">Cada transacci\u00f3n con Global Dream Network impulsa directamente el cambio global. Mientras que el 50% de los beneficios se destina a causas medioambientales a trav\u00e9s de nuestra fundaci\u00f3n, el otro 50% le permite apoyar causas o proyectos que resuenen con sus valores. Tanto si eliges una iniciativa concreta como si buscas orientaci\u00f3n, tu participaci\u00f3n crea un cambio significativo para las comunidades, los ecosistemas y las generaciones futuras.<\/p><\/div><\/div><\/div><div class=\"wpr-content-wrapper\"><\/div><\/div>\n\t\t\t\t\t\t<\/div>\n\t\t\t\t<\/article><article class=\"wpr-timeline-entry wpr-left-aligned elementor-repeater-item-dc77abf\" data-item-id=\"elementor-repeater-item-dc77abf\"><time class=\"wpr-extra-label\" data-aos=\"slide-up\" data-aos-left=\"\" data-aos-right=\"\" data-animation-offset=\"150\" data-animation-duration=\"600\"><span class=\"wpr-label\">Transparency at Every Step<\/span><\/time><div class=\"wpr-timeline-entry-inner\"><div class=\"wpr-main-line-icon wpr-icon\"><svg aria-hidden=\"true\" class=\"e-font-icon-svg e-far-eye\" viewbox=\"0 0 576 512\" xmlns=\"http:\/\/www.w3.org\/2000\/svg\"><path d=\"M288 144a110.94 110.94 0 0 0-31.24 5 55.4 55.4 0 0 1 7.24 27 56 56 0 0 1-56 56 55.4 55.4 0 0 1-27-7.24A111.71 111.71 0 1 0 288 144zm284.52 97.4C518.29 135.59 410.93 64 288 64S57.68 135.64 3.48 241.41a32.35 32.35 0 0 0 0 29.19C57.71 376.41 165.07 448 288 448s230.32-71.64 284.52-177.41a32.35 32.35 0 0 0 0-29.19zM288 400c-98.65 0-189.09-55-237.93-144C98.91 167 189.34 112 288 112s189.09 55 237.93 144C477.1 345 386.66 400 288 400z\"><\/path><\/svg><\/div><div class=\"wpr-story-info-vertical wpr-data-wrap\"  data-aos=\"slide-up\" data-aos-left=\"\" data-aos-right=\"\" data-animation-offset=\"150\" data-animation-duration=\"600\"><div class=\"wpr-animation-wrap wpr-timeline-media\"><img decoding=\"async\" width=\"900\" height=\"1600\" src=\"https:\/\/theglobaldreamnetwork.com\/wp-content\/uploads\/2024\/09\/IMG-20220713-WA0018.jpg\" class=\"attachment-full size-full\" alt=\"\" srcset=\"https:\/\/theglobaldreamnetwork.com\/wp-content\/uploads\/2024\/09\/IMG-20220713-WA0018.jpg 900w, https:\/\/theglobaldreamnetwork.com\/wp-content\/uploads\/2024\/09\/IMG-20220713-WA0018-169x300.jpg 169w, https:\/\/theglobaldreamnetwork.com\/wp-content\/uploads\/2024\/09\/IMG-20220713-WA0018-576x1024.jpg 576w, https:\/\/theglobaldreamnetwork.com\/wp-content\/uploads\/2024\/09\/IMG-20220713-WA0018-768x1365.jpg 768w, https:\/\/theglobaldreamnetwork.com\/wp-content\/uploads\/2024\/09\/IMG-20220713-WA0018-864x1536.jpg 864w, https:\/\/theglobaldreamnetwork.com\/wp-content\/uploads\/2024\/09\/IMG-20220713-WA0018-7x12.jpg 7w\" sizes=\"(max-width: 900px) 100vw, 900px\" \/><div class=\"wpr-timeline-story-overlay  wpr-overlay-fade-out wpr-anim-size-large wpr-anim-timing-ease-default wpr-anim-transparency\"><div class=\"wpr-description\"><p style=\"text-align: center\">En Global Dream Network, la confianza es primordial. Ofrecemos total transparencia durante todo el proceso, desde la finalizaci\u00f3n de su transacci\u00f3n hasta la asignaci\u00f3n de los fondos. Recibir\u00e1 actualizaciones detalladas, informes y documentaci\u00f3n que garantizan que cada d\u00f3lar se destina exactamente seg\u00fan lo prometido, d\u00e1ndole confianza en el impacto positivo que ha creado.<\/p><\/div><\/div><\/div><div class=\"wpr-content-wrapper\"><\/div><\/div>\n\t\t\t\t\t\t<\/div>\n\t\t\t\t<\/article><article class=\"wpr-timeline-entry wpr-right-aligned elementor-repeater-item-528a050\" data-item-id=\"elementor-repeater-item-528a050\"><time class=\"wpr-extra-label\" data-aos=\"slide-up\" data-aos-left=\"\" data-aos-right=\"\" data-animation-offset=\"150\" data-animation-duration=\"600\"><span class=\"wpr-label\"> Measurable Impact and Tracking<\/span><\/time><div class=\"wpr-timeline-entry-inner\"><div class=\"wpr-main-line-icon wpr-icon\"><svg aria-hidden=\"true\" class=\"e-font-icon-svg e-far-calendar-check\" viewbox=\"0 0 448 512\" xmlns=\"http:\/\/www.w3.org\/2000\/svg\"><path d=\"M400 64h-48V12c0-6.627-5.373-12-12-12h-40c-6.627 0-12 5.373-12 12v52H160V12c0-6.627-5.373-12-12-12h-40c-6.627 0-12 5.373-12 12v52H48C21.49 64 0 85.49 0 112v352c0 26.51 21.49 48 48 48h352c26.51 0 48-21.49 48-48V112c0-26.51-21.49-48-48-48zm-6 400H54a6 6 0 0 1-6-6V160h352v298a6 6 0 0 1-6 6zm-52.849-200.65L198.842 404.519c-4.705 4.667-12.303 4.637-16.971-.068l-75.091-75.699c-4.667-4.705-4.637-12.303.068-16.971l22.719-22.536c4.705-4.667 12.303-4.637 16.97.069l44.104 44.461 111.072-110.181c4.705-4.667 12.303-4.637 16.971.068l22.536 22.718c4.667 4.705 4.636 12.303-.069 16.97z\"><\/path><\/svg><\/div><div class=\"wpr-story-info-vertical wpr-data-wrap\"  data-aos=\"slide-up\" data-aos-left=\"\" data-aos-right=\"\" data-animation-offset=\"150\" data-animation-duration=\"600\"><div class=\"wpr-animation-wrap wpr-timeline-media\"><img loading=\"lazy\" decoding=\"async\" width=\"657\" height=\"687\" src=\"https:\/\/theglobaldreamnetwork.com\/wp-content\/uploads\/2025\/03\/impact-tracking-e1743393744917.png\" class=\"attachment-full size-full\" alt=\"\" srcset=\"https:\/\/theglobaldreamnetwork.com\/wp-content\/uploads\/2025\/03\/impact-tracking-e1743393744917.png 657w, https:\/\/theglobaldreamnetwork.com\/wp-content\/uploads\/2025\/03\/impact-tracking-e1743393744917-287x300.png 287w, https:\/\/theglobaldreamnetwork.com\/wp-content\/uploads\/2025\/03\/impact-tracking-e1743393744917-11x12.png 11w\" sizes=\"(max-width: 657px) 100vw, 657px\" \/><div class=\"wpr-timeline-story-overlay  wpr-overlay-fade-out wpr-anim-size-large wpr-anim-timing-ease-default wpr-anim-transparency\"><div class=\"wpr-description\"><p style=\"text-align: center\">Sienta los resultados tangibles de su contribuci\u00f3n. Medimos el impacto real de cada proyecto apoyado y le mantenemos informado con actualizaciones peri\u00f3dicas e informes de progreso. Para aquellos que deseen conectar a\u00fan m\u00e1s, organizamos oportunidades para visitar en persona los proyectos apoyados, profundizando su compromiso con el cambio que usted ha ayudado a hacer posible.<\/p><\/div><\/div><\/div><div class=\"wpr-content-wrapper\"><\/div><\/div>\n\t\t\t\t\t\t<\/div>\n\t\t\t\t<\/article><\/div>    \n\t\t\t<\/div>\t\t\t\t<\/div>\n\t\t\t\t<\/div>\n\t\t\t\t\t<\/div>\n\t\t<\/div>\n\t\t\t\t\t<\/div>\n\t\t<\/section>\n\t\t\t\t<section class=\"elementor-section elementor-top-section elementor-element elementor-element-7ec60093 elementor-section-boxed elementor-section-height-default elementor-section-height-default wpr-particle-no wpr-jarallax-no wpr-parallax-no wpr-sticky-section-no wpr-equal-height-no\" data-id=\"7ec60093\" data-element_type=\"section\" data-e-type=\"section\">\n\t\t\t\t\t\t<div class=\"elementor-container elementor-column-gap-default\">\n\t\t\t\t\t<div class=\"elementor-column elementor-col-100 elementor-top-column elementor-element elementor-element-2d4b04b5\" data-id=\"2d4b04b5\" data-element_type=\"column\" data-e-type=\"column\">\n\t\t\t<div class=\"elementor-widget-wrap elementor-element-populated\">\n\t\t\t\t\t\t<div class=\"elementor-element elementor-element-76da7b3a elementor-widget elementor-widget-spacer\" data-id=\"76da7b3a\" data-element_type=\"widget\" data-e-type=\"widget\" data-widget_type=\"spacer.default\">\n\t\t\t\t<div class=\"elementor-widget-container\">\n\t\t\t\t\t\t\t<div class=\"elementor-spacer\">\n\t\t\t<div class=\"elementor-spacer-inner\"><\/div>\n\t\t<\/div>\n\t\t\t\t\t\t<\/div>\n\t\t\t\t<\/div>\n\t\t\t\t\t<\/div>\n\t\t<\/div>\n\t\t\t\t\t<\/div>\n\t\t<\/section>\n\t\t\t\t<\/div>","protected":false},"excerpt":{"rendered":"<p>how it works Discover Unique Experiences Unlock a world of exclusive opportunities with Global Dream Network\u2019s tailored concierge services. From luxury yachts to high-end vehicles, private aviation, real estate, extraordinary experiences and wealth management we guide you through seamless transactions while channeling 100% of profits into positive impact projects. Our dedicated agents ensure your needs are met with expertise, discretion, and a philanthropic purpose that enhances every acquisition or service. Contribute to Projects that Change the World Every transaction with Global Dream Network directly fuels global change. While 50% of profits are dedicated to environmental causes through our foundation, the other 50% empowers you to support causes or projects that resonate with your values. Whether you choose a specific initiative or seek guidance, your participation creates meaningful change for communities, ecosystems, and future generations. Transparency at Every Step At Global Dream Network, trust is paramount. We provide full transparency throughout the process, from the completion of your transaction to the allocation of funds. You\u2019ll receive detailed updates, reports, and documentation that ensure every dollar is directed exactly as promised, giving you confidence in the positive impact you\u2019ve created. Measurable Impact and Tracking Feel the tangible results of your contribution. We measure the real-world impact of every project supported, keeping you informed with regular updates and progress reports. For those who wish to connect even further, we arrange opportunities to visit supported projects in person, deepening your engagement with the change you\u2019ve helped make possible.<\/p>","protected":false},"author":2,"featured_media":0,"parent":0,"menu_order":0,"comment_status":"closed","ping_status":"closed","template":"elementor_header_footer","meta":{"site-sidebar-layout":"default","site-content-layout":"","ast-site-content-layout":"default","site-content-style":"default","site-sidebar-style":"default","ast-global-header-display":"","ast-banner-title-visibility":"","ast-main-header-display":"","ast-hfb-above-header-display":"","ast-hfb-below-header-display":"","ast-hfb-mobile-header-display":"","site-post-title":"disabled","ast-breadcrumbs-content":"","ast-featured-img":"","footer-sml-layout":"","theme-transparent-header-meta":"","adv-header-id-meta":"","stick-header-meta":"","header-above-stick-meta":"","header-main-stick-meta":"","header-below-stick-meta":"","astra-migrate-meta-layouts":"set","ast-page-background-enabled":"default","ast-page-background-meta":{"desktop":{"background-color":"","background-image":"","background-repeat":"repeat","background-position":"center center","background-size":"auto","background-attachment":"scroll","background-type":"","background-media":"","overlay-type":"","overlay-color":"","overlay-opacity":"","overlay-gradient":""},"tablet":{"background-color":"","background-image":"","background-repeat":"repeat","background-position":"center center","background-size":"auto","background-attachment":"scroll","background-type":"","background-media":"","overlay-type":"","overlay-color":"","overlay-opacity":"","overlay-gradient":""},"mobile":{"background-color":"","background-image":"","background-repeat":"repeat","background-position":"center center","background-size":"auto","background-attachment":"scroll","background-type":"","background-media":"","overlay-type":"","overlay-color":"","overlay-opacity":"","overlay-gradient":""}},"ast-content-background-meta":{"desktop":{"background-color":"var(--ast-global-color-5)","background-image":"","background-repeat":"repeat","background-position":"center center","background-size":"auto","background-attachment":"scroll","background-type":"","background-media":"","overlay-type":"","overlay-color":"","overlay-opacity":"","overlay-gradient":""},"tablet":{"background-color":"var(--ast-global-color-5)","background-image":"","background-repeat":"repeat","background-position":"center center","background-size":"auto","background-attachment":"scroll","background-type":"","background-media":"","overlay-type":"","overlay-color":"","overlay-opacity":"","overlay-gradient":""},"mobile":{"background-color":"var(--ast-global-color-5)","background-image":"","background-repeat":"repeat","background-position":"center center","background-size":"auto","background-attachment":"scroll","background-type":"","background-media":"","overlay-type":"","overlay-color":"","overlay-opacity":"","overlay-gradient":""}},"footnotes":""},"class_list":["post-604","page","type-page","status-publish","hentry"],"aioseo_notices":[],"_links":{"self":[{"href":"https:\/\/theglobaldreamnetwork.com\/es\/wp-json\/wp\/v2\/pages\/604","targetHints":{"allow":["GET"]}}],"collection":[{"href":"https:\/\/theglobaldreamnetwork.com\/es\/wp-json\/wp\/v2\/pages"}],"about":[{"href":"https:\/\/theglobaldreamnetwork.com\/es\/wp-json\/wp\/v2\/types\/page"}],"author":[{"embeddable":true,"href":"https:\/\/theglobaldreamnetwork.com\/es\/wp-json\/wp\/v2\/users\/2"}],"replies":[{"embeddable":true,"href":"https:\/\/theglobaldreamnetwork.com\/es\/wp-json\/wp\/v2\/comments?post=604"}],"version-history":[{"count":31,"href":"https:\/\/theglobaldreamnetwork.com\/es\/wp-json\/wp\/v2\/pages\/604\/revisions"}],"predecessor-version":[{"id":3647,"href":"https:\/\/theglobaldreamnetwork.com\/es\/wp-json\/wp\/v2\/pages\/604\/revisions\/3647"}],"wp:attachment":[{"href":"https:\/\/theglobaldreamnetwork.com\/es\/wp-json\/wp\/v2\/media?parent=604"}],"curies":[{"name":"wp","href":"https:\/\/api.w.org\/{rel}","templated":true}]}}